{"id":12548,"date":"2022-06-28T15:09:27","date_gmt":"2022-06-28T19:09:27","guid":{"rendered":"https:\/\/mbgcnh.org\/apoya-al-club\/"},"modified":"2024-07-29T11:41:43","modified_gmt":"2024-07-29T15:41:43","slug":"apoya-al-club","status":"publish","type":"page","link":"https:\/\/bgcgm.org\/es\/apoya-al-club\/","title":{"rendered":"Apoya al Club"},"content":{"rendered":"\t\t<div data-elementor-type=\"wp-page\" data-elementor-id=\"12548\" class=\"elementor elementor-12548 elementor-4447\" data-elementor-post-type=\"page\">\n\t\t\t\t\t\t<section class=\"elementor-section elementor-top-section elementor-element elementor-element-7aac787b elementor-section-height-min-height elementor-section-boxed elementor-section-height-default elementor-section-items-middle\" data-id=\"7aac787b\" data-element_type=\"section\" data-e-type=\"section\" data-settings=\"{&quot;background_background&quot;:&quot;classic&quot;,&quot;shape_divider_bottom&quot;:&quot;mountains&quot;}\">\n\t\t\t\t\t\t\t<div class=\"elementor-background-overlay\"><\/div>\n\t\t\t\t\t\t<div class=\"elementor-shape elementor-shape-bottom\" aria-hidden=\"true\" data-negative=\"false\">\n\t\t\t<svg xmlns=\"http:\/\/www.w3.org\/2000\/svg\" viewBox=\"0 0 1000 100\" preserveAspectRatio=\"none\">\n\t<path class=\"elementor-shape-fill\" opacity=\"0.33\" d=\"M473,67.3c-203.9,88.3-263.1-34-320.3,0C66,119.1,0,59.7,0,59.7V0h1000v59.7 c0,0-62.1,26.1-94.9,29.3c-32.8,3.3-62.8-12.3-75.8-22.1C806,49.6,745.3,8.7,694.9,4.7S492.4,59,473,67.3z\"\/>\n\t<path class=\"elementor-shape-fill\" opacity=\"0.66\" d=\"M734,67.3c-45.5,0-77.2-23.2-129.1-39.1c-28.6-8.7-150.3-10.1-254,39.1 s-91.7-34.4-149.2,0C115.7,118.3,0,39.8,0,39.8V0h1000v36.5c0,0-28.2-18.5-92.1-18.5C810.2,18.1,775.7,67.3,734,67.3z\"\/>\n\t<path class=\"elementor-shape-fill\" d=\"M766.1,28.9c-200-57.5-266,65.5-395.1,19.5C242,1.8,242,5.4,184.8,20.6C128,35.8,132.3,44.9,89.9,52.5C28.6,63.7,0,0,0,0 h1000c0,0-9.9,40.9-83.6,48.1S829.6,47,766.1,28.9z\"\/>\n<\/svg>\t\t<\/div>\n\t\t\t\t\t<div class=\"elementor-container elementor-column-gap-no\">\n\t\t\t\t\t<div class=\"elementor-column elementor-col-100 elementor-top-column elementor-element elementor-element-6e23e865\" data-id=\"6e23e865\" data-element_type=\"column\" data-e-type=\"column\">\n\t\t\t<div class=\"elementor-widget-wrap elementor-element-populated\">\n\t\t\t\t\t\t<div class=\"elementor-element elementor-element-6c5405c4 elementor-widget elementor-widget-heading\" data-id=\"6c5405c4\" data-element_type=\"widget\" data-e-type=\"widget\" data-widget_type=\"heading.default\">\n\t\t\t\t<div class=\"elementor-widget-container\">\n\t\t\t\t\t<h1 class=\"elementor-heading-title elementor-size-default\">Apoya al Club<\/h1>\t\t\t\t<\/div>\n\t\t\t\t<\/div>\n\t\t\t\t<div class=\"elementor-element elementor-element-2844a6e6 elementor-widget elementor-widget-text-editor\" data-id=\"2844a6e6\" data-element_type=\"widget\" data-e-type=\"widget\" data-widget_type=\"text-editor.default\">\n\t\t\t\t<div class=\"elementor-widget-container\">\n\t\t\t\t\t\t\t\t\t<p><span class=\"TextRun SCXW165070760 BCX0\" lang=\"EN-US\" xml:lang=\"EN-US\" data-contrast=\"auto\"><span class=\"NormalTextRun SCXW165070760 BCX0\">When you support the Club, <\/span><span class=\"NormalTextRun SCXW165070760 BCX0\">you<\/span><span class=\"NormalTextRun SCXW165070760 BCX0\"> are helping children in our community reach their full potential!<\/span><\/span><span class=\"EOP SCXW165070760 BCX0\" data-ccp-props=\"{\"335551550\":2,\"335551620\":2}\"> <\/span><\/p>\n\t\t\t\t\t\t\t\t<\/div>\n\t\t\t\t<\/div>\n\t\t\t\t\t<\/div>\n\t\t<\/div>\n\t\t\t\t\t<\/div>\n\t\t<\/section>\n\t\t\t\t<section class=\"elementor-section elementor-top-section elementor-element elementor-element-51f33ca4 elementor-section-boxed elementor-section-height-default elementor-section-height-default\" data-id=\"51f33ca4\" data-element_type=\"section\" data-e-type=\"section\">\n\t\t\t\t\t\t<div class=\"elementor-container elementor-column-gap-no\">\n\t\t\t\t\t<div class=\"elementor-column elementor-col-100 elementor-top-column elementor-element elementor-element-3acb5151\" data-id=\"3acb5151\" data-element_type=\"column\" data-e-type=\"column\">\n\t\t\t<div class=\"elementor-widget-wrap elementor-element-populated\">\n\t\t\t\t\t\t<section class=\"elementor-section elementor-inner-section elementor-element elementor-element-417155c4 elementor-section-boxed elementor-section-height-default elementor-section-height-default\" data-id=\"417155c4\" data-element_type=\"section\" data-e-type=\"section\">\n\t\t\t\t\t\t<div class=\"elementor-container elementor-column-gap-no\">\n\t\t\t\t\t<div class=\"elementor-column elementor-col-50 elementor-inner-column elementor-element elementor-element-64d00553\" data-id=\"64d00553\" data-element_type=\"column\" data-e-type=\"column\">\n\t\t\t<div class=\"elementor-widget-wrap elementor-element-populated\">\n\t\t\t\t\t\t<div class=\"elementor-element elementor-element-538fb1b elementor-widget elementor-widget-heading\" data-id=\"538fb1b\" data-element_type=\"widget\" data-e-type=\"widget\" data-widget_type=\"heading.default\">\n\t\t\t\t<div class=\"elementor-widget-container\">\n\t\t\t\t\t<h2 class=\"elementor-heading-title elementor-size-default\">Tu apoyo<\/h2>\t\t\t\t<\/div>\n\t\t\t\t<\/div>\n\t\t\t\t<div class=\"elementor-element elementor-element-6a410dc3 elementor-widget elementor-widget-text-editor\" data-id=\"6a410dc3\" data-element_type=\"widget\" data-e-type=\"widget\" data-widget_type=\"text-editor.default\">\n\t\t\t\t<div class=\"elementor-widget-container\">\n\t\t\t\t\t\t\t\t\t<p><span data-contrast=\"none\">Tu apoyo al Boys &amp; Girls Club de Manchester ayudar\u00e1 a proporcionar a los ni\u00f1os las oportunidades y la orientaci\u00f3n que necesitan en un momento cr\u00edtico de su vida, <\/span><span data-contrast=\"none\">inspir\u00e1ndoles para que desarrollen todo su potencial como personas productivas, responsables y solidarias.<\/span><span data-ccp-props=\"{}\"> <\/span><\/p>\n\t\t\t\t\t\t\t\t<\/div>\n\t\t\t\t<\/div>\n\t\t\t\t<div class=\"elementor-element elementor-element-7a9de83 elementor-widget elementor-widget-button\" data-id=\"7a9de83\" data-element_type=\"widget\" data-e-type=\"widget\" data-widget_type=\"button.default\">\n\t\t\t\t<div class=\"elementor-widget-container\">\n\t\t\t\t\t\t\t\t\t<div class=\"elementor-button-wrapper\">\n\t\t\t\t\t<a class=\"elementor-button elementor-button-link elementor-size-sm\" href=\"https:\/\/bgcgm.org\/es\/dona\/\">\n\t\t\t\t\t\t<span class=\"elementor-button-content-wrapper\">\n\t\t\t\t\t\t\t\t\t<span class=\"elementor-button-text\">Haz un donativo hoy<\/span>\n\t\t\t\t\t<\/span>\n\t\t\t\t\t<\/a>\n\t\t\t\t<\/div>\n\t\t\t\t\t\t\t\t<\/div>\n\t\t\t\t<\/div>\n\t\t\t\t\t<\/div>\n\t\t<\/div>\n\t\t\t\t<div class=\"elementor-column elementor-col-50 elementor-inner-column elementor-element elementor-element-bd0a141\" data-id=\"bd0a141\" data-element_type=\"column\" data-e-type=\"column\">\n\t\t\t<div class=\"elementor-widget-wrap elementor-element-populated\">\n\t\t\t\t\t\t<div class=\"elementor-element elementor-element-73b90c5 elementor-widget elementor-widget-image\" data-id=\"73b90c5\" data-element_type=\"widget\" data-e-type=\"widget\" data-widget_type=\"image.default\">\n\t\t\t\t<div class=\"elementor-widget-container\">\n\t\t\t\t\t\t\t\t\t\t\t\t\t\t\t<img fetchpriority=\"high\" decoding=\"async\" width=\"800\" height=\"534\" src=\"https:\/\/www.bgcgm.org\/wp-content\/uploads\/2022\/09\/DSC_0031-2-1024x683.jpg\" class=\"attachment-large size-large wp-image-11601\" alt=\"\" srcset=\"https:\/\/www.bgcgm.org\/wp-content\/uploads\/2022\/09\/DSC_0031-2-1024x683.jpg 1024w, https:\/\/www.bgcgm.org\/wp-content\/uploads\/2022\/09\/DSC_0031-2-300x200.jpg 300w, https:\/\/www.bgcgm.org\/wp-content\/uploads\/2022\/09\/DSC_0031-2-768x512.jpg 768w, https:\/\/www.bgcgm.org\/wp-content\/uploads\/2022\/09\/DSC_0031-2-1536x1024.jpg 1536w, https:\/\/www.bgcgm.org\/wp-content\/uploads\/2022\/09\/DSC_0031-2.jpg 2048w\" sizes=\"(max-width: 800px) 100vw, 800px\" \/>\t\t\t\t\t\t\t\t\t\t\t\t\t\t\t<\/div>\n\t\t\t\t<\/div>\n\t\t\t\t\t<\/div>\n\t\t<\/div>\n\t\t\t\t\t<\/div>\n\t\t<\/section>\n\t\t\t\t\t<\/div>\n\t\t<\/div>\n\t\t\t\t\t<\/div>\n\t\t<\/section>\n\t\t\t\t<section class=\"elementor-section elementor-top-section elementor-element elementor-element-dcc70a9 elementor-section-boxed elementor-section-height-default elementor-section-height-default\" data-id=\"dcc70a9\" data-element_type=\"section\" data-e-type=\"section\">\n\t\t\t\t\t\t<div class=\"elementor-container elementor-column-gap-default\">\n\t\t\t\t\t<div class=\"elementor-column elementor-col-100 elementor-top-column elementor-element elementor-element-98c5723\" data-id=\"98c5723\" data-element_type=\"column\" data-e-type=\"column\">\n\t\t\t<div class=\"elementor-widget-wrap elementor-element-populated\">\n\t\t\t\t\t\t<div class=\"elementor-element elementor-element-ac287c9 elementor-widget elementor-widget-heading\" data-id=\"ac287c9\" data-element_type=\"widget\" data-e-type=\"widget\" data-widget_type=\"heading.default\">\n\t\t\t\t<div class=\"elementor-widget-container\">\n\t\t\t\t\t<h2 class=\"elementor-heading-title elementor-size-default\">\u00a1Gracias por garantizar que los grandes futuros empiecen aqu\u00ed!<\/h2>\t\t\t\t<\/div>\n\t\t\t\t<\/div>\n\t\t\t\t<section class=\"elementor-section elementor-inner-section elementor-element elementor-element-8e18c30 elementor-section-boxed elementor-section-height-default elementor-section-height-default\" data-id=\"8e18c30\" data-element_type=\"section\" data-e-type=\"section\">\n\t\t\t\t\t\t<div class=\"elementor-container elementor-column-gap-default\">\n\t\t\t\t\t<div class=\"elementor-column elementor-col-16 elementor-inner-column elementor-element elementor-element-6664532\" data-id=\"6664532\" data-element_type=\"column\" data-e-type=\"column\">\n\t\t\t<div class=\"elementor-widget-wrap elementor-element-populated\">\n\t\t\t\t\t\t<div class=\"elementor-element elementor-element-4e35f30 elementor-widget elementor-widget-text-editor\" data-id=\"4e35f30\" data-element_type=\"widget\" data-e-type=\"widget\" data-widget_type=\"text-editor.default\">\n\t\t\t\t<div class=\"elementor-widget-container\">\n\t\t\t\t\t\t\t\t\t<p><a href=\"https:\/\/bgcgm.org\/es\/apoya-al-club\/campana-anual\/\">Annual Campaign<\/a><\/p>\n\t\t\t\t\t\t\t\t<\/div>\n\t\t\t\t<\/div>\n\t\t\t\t\t<\/div>\n\t\t<\/div>\n\t\t\t\t<div class=\"elementor-column elementor-col-16 elementor-inner-column elementor-element elementor-element-640f609\" data-id=\"640f609\" data-element_type=\"column\" data-e-type=\"column\">\n\t\t\t<div class=\"elementor-widget-wrap elementor-element-populated\">\n\t\t\t\t\t\t<div class=\"elementor-element elementor-element-0de47c3 elementor-widget elementor-widget-text-editor\" data-id=\"0de47c3\" data-element_type=\"widget\" data-e-type=\"widget\" data-widget_type=\"text-editor.default\">\n\t\t\t\t<div class=\"elementor-widget-container\">\n\t\t\t\t\t\t\t\t\t<p><a href=\"https:\/\/bgcgm.org\/wp-content\/uploads\/2023\/03\/Third-Party-Guidelines.pdf\" target=\"_blank\" rel=\"noopener\">Organiza un acto comunitario<\/a><\/p>\n\t\t\t\t\t\t\t\t<\/div>\n\t\t\t\t<\/div>\n\t\t\t\t\t<\/div>\n\t\t<\/div>\n\t\t\t\t<div class=\"elementor-column elementor-col-16 elementor-inner-column elementor-element elementor-element-f265c48\" data-id=\"f265c48\" data-element_type=\"column\" data-e-type=\"column\">\n\t\t\t<div class=\"elementor-widget-wrap elementor-element-populated\">\n\t\t\t\t\t\t<div class=\"elementor-element elementor-element-52c0c4e elementor-widget elementor-widget-text-editor\" data-id=\"52c0c4e\" data-element_type=\"widget\" data-e-type=\"widget\" data-widget_type=\"text-editor.default\">\n\t\t\t\t<div class=\"elementor-widget-container\">\n\t\t\t\t\t\t\t\t\t<p><a href=\"https:\/\/bgcgm.org\/es\/apoya-al-club\/empresas-patrocinadoras\/\">Socios corporativos<\/a><\/p>\n\t\t\t\t\t\t\t\t<\/div>\n\t\t\t\t<\/div>\n\t\t\t\t\t<\/div>\n\t\t<\/div>\n\t\t\t\t<div class=\"elementor-column elementor-col-16 elementor-inner-column elementor-element elementor-element-84f4836\" data-id=\"84f4836\" data-element_type=\"column\" data-e-type=\"column\">\n\t\t\t<div class=\"elementor-widget-wrap elementor-element-populated\">\n\t\t\t\t\t\t<div class=\"elementor-element elementor-element-f9c08d9 elementor-widget elementor-widget-text-editor\" data-id=\"f9c08d9\" data-element_type=\"widget\" data-e-type=\"widget\" data-widget_type=\"text-editor.default\">\n\t\t\t\t<div class=\"elementor-widget-container\">\n\t\t\t\t\t\t\t\t\t<p><a href=\"https:\/\/bgcgm.org\/es\/apoya-al-club\/alquiler-de-instalaciones\/\" rel=\"noopener\">Alquiler de instalaciones<\/a><\/p>\n\t\t\t\t\t\t\t\t<\/div>\n\t\t\t\t<\/div>\n\t\t\t\t\t<\/div>\n\t\t<\/div>\n\t\t\t\t<div class=\"elementor-column elementor-col-16 elementor-inner-column elementor-element elementor-element-46bfc3a\" data-id=\"46bfc3a\" data-element_type=\"column\" data-e-type=\"column\">\n\t\t\t<div class=\"elementor-widget-wrap elementor-element-populated\">\n\t\t\t\t\t\t<div class=\"elementor-element elementor-element-9c15948 elementor-widget elementor-widget-text-editor\" data-id=\"9c15948\" data-element_type=\"widget\" data-e-type=\"widget\" data-widget_type=\"text-editor.default\">\n\t\t\t\t<div class=\"elementor-widget-container\">\n\t\t\t\t\t\t\t\t\t<p><a href=\"https:\/\/bgcgm.org\/es\/apoya-al-club\/sponsor-an-event\/\" rel=\"noopener\">Patrocina un acto<\/a><\/p>\n\t\t\t\t\t\t\t\t<\/div>\n\t\t\t\t<\/div>\n\t\t\t\t\t<\/div>\n\t\t<\/div>\n\t\t\t\t<div class=\"elementor-column elementor-col-16 elementor-inner-column elementor-element elementor-element-e2b4ae1\" data-id=\"e2b4ae1\" data-element_type=\"column\" data-e-type=\"column\">\n\t\t\t<div class=\"elementor-widget-wrap elementor-element-populated\">\n\t\t\t\t\t\t<div class=\"elementor-element elementor-element-d47af90 elementor-widget elementor-widget-text-editor\" data-id=\"d47af90\" data-element_type=\"widget\" data-e-type=\"widget\" data-widget_type=\"text-editor.default\">\n\t\t\t\t<div class=\"elementor-widget-container\">\n\t\t\t\t\t\t\t\t\t<p><a href=\"https:\/\/bgcgm.org\/es\/apoya-al-club\/oportunidades-de-voluntariado\/\" rel=\"noopener\">Operaciones de Voluntariado<\/a><\/p>\n\t\t\t\t\t\t\t\t<\/div>\n\t\t\t\t<\/div>\n\t\t\t\t\t<\/div>\n\t\t<\/div>\n\t\t\t\t\t<\/div>\n\t\t<\/section>\n\t\t\t\t\t<\/div>\n\t\t<\/div>\n\t\t\t\t\t<\/div>\n\t\t<\/section>\n\t\t\t\t<\/div>\n\t\t","protected":false},"excerpt":{"rendered":"<p>Apoya al Club When you support the Club, you are helping children in our community reach their full potential! Tu apoyo Tu apoyo al Boys &amp; Girls Club de Manchester ayudar\u00e1 a proporcionar a los ni\u00f1os las oportunidades y la orientaci\u00f3n que necesitan en un momento cr\u00edtico de su vida, inspir\u00e1ndoles para que desarrollen todo [&hellip;]<\/p>\n","protected":false},"author":1,"featured_media":0,"parent":0,"menu_order":0,"comment_status":"closed","ping_status":"closed","template":"elementor_header_footer","meta":{"footnotes":""},"class_list":["post-12548","page","type-page","status-publish","hentry"],"yoast_head":"<!-- This site is optimized with the Yoast SEO plugin v27.2 - https:\/\/yoast.com\/product\/yoast-seo-wordpress\/ -->\n<title>Support The Club | Boys &amp; Girls Club of Manchester<\/title>\n<meta name=\"description\" content=\"When you support the Club, you are helping children in our community reach their full potential! Support the Boys &amp; Girls Club of Manchester.\" \/>\n<meta name=\"robots\" content=\"index, follow, max-snippet:-1, max-image-preview:large, max-video-preview:-1\" \/>\n<link rel=\"canonical\" href=\"https:\/\/bgcgm.org\/es\/apoya-al-club\/\" \/>\n<meta property=\"og:locale\" content=\"es_ES\" \/>\n<meta property=\"og:type\" content=\"article\" \/>\n<meta property=\"og:title\" content=\"Support The Club | Boys &amp; Girls Club of Manchester\" \/>\n<meta property=\"og:description\" content=\"When you support the Club, you are helping children in our community reach their full potential! Support the Boys &amp; Girls Club of Manchester.\" \/>\n<meta property=\"og:url\" content=\"https:\/\/bgcgm.org\/es\/apoya-al-club\/\" \/>\n<meta property=\"og:site_name\" content=\"Boys &amp; Girls Clubs of Greater Manchester\" \/>\n<meta property=\"article:modified_time\" content=\"2024-07-29T15:41:43+00:00\" \/>\n<meta property=\"og:image\" content=\"https:\/\/bgcgm.org\/wp-content\/uploads\/2022\/09\/DSC_0031-2-1024x683.jpg\" \/>\n<meta name=\"twitter:card\" content=\"summary_large_image\" \/>\n<script type=\"application\/ld+json\" class=\"yoast-schema-graph\">{\"@context\":\"https:\/\/schema.org\",\"@graph\":[{\"@type\":\"WebPage\",\"@id\":\"https:\/\/bgcgm.org\/es\/apoya-al-club\/\",\"url\":\"https:\/\/bgcgm.org\/es\/apoya-al-club\/\",\"name\":\"Support The Club | Boys & Girls Club of Manchester\",\"isPartOf\":{\"@id\":\"https:\/\/bgcgm.org\/es\/#website\"},\"primaryImageOfPage\":{\"@id\":\"https:\/\/bgcgm.org\/es\/apoya-al-club\/#primaryimage\"},\"image\":{\"@id\":\"https:\/\/bgcgm.org\/es\/apoya-al-club\/#primaryimage\"},\"thumbnailUrl\":\"https:\/\/bgcgm.org\/wp-content\/uploads\/2022\/09\/DSC_0031-2-1024x683.jpg\",\"datePublished\":\"2022-06-28T19:09:27+00:00\",\"dateModified\":\"2024-07-29T15:41:43+00:00\",\"description\":\"When you support the Club, you are helping children in our community reach their full potential! Support the Boys & Girls Club of Manchester.\",\"breadcrumb\":{\"@id\":\"https:\/\/bgcgm.org\/es\/apoya-al-club\/#breadcrumb\"},\"inLanguage\":\"es\",\"potentialAction\":[{\"@type\":\"ReadAction\",\"target\":[\"https:\/\/bgcgm.org\/es\/apoya-al-club\/\"]}]},{\"@type\":\"ImageObject\",\"inLanguage\":\"es\",\"@id\":\"https:\/\/bgcgm.org\/es\/apoya-al-club\/#primaryimage\",\"url\":\"https:\/\/bgcgm.org\/wp-content\/uploads\/2022\/09\/DSC_0031-2-1024x683.jpg\",\"contentUrl\":\"https:\/\/bgcgm.org\/wp-content\/uploads\/2022\/09\/DSC_0031-2-1024x683.jpg\"},{\"@type\":\"BreadcrumbList\",\"@id\":\"https:\/\/bgcgm.org\/es\/apoya-al-club\/#breadcrumb\",\"itemListElement\":[{\"@type\":\"ListItem\",\"position\":1,\"name\":\"Home\",\"item\":\"https:\/\/bgcgm.org\/es\/inicio\/\"},{\"@type\":\"ListItem\",\"position\":2,\"name\":\"Apoya al Club\"}]},{\"@type\":\"WebSite\",\"@id\":\"https:\/\/bgcgm.org\/es\/#website\",\"url\":\"https:\/\/bgcgm.org\/es\/\",\"name\":\"Boys &amp; Girls Clubs of Greater Manchester\",\"description\":\"Boys &amp; Girls Clubs of Greater Manchester\",\"publisher\":{\"@id\":\"https:\/\/bgcgm.org\/es\/#organization\"},\"potentialAction\":[{\"@type\":\"SearchAction\",\"target\":{\"@type\":\"EntryPoint\",\"urlTemplate\":\"https:\/\/bgcgm.org\/es\/?s={search_term_string}\"},\"query-input\":{\"@type\":\"PropertyValueSpecification\",\"valueRequired\":true,\"valueName\":\"search_term_string\"}}],\"inLanguage\":\"es\"},{\"@type\":\"Organization\",\"@id\":\"https:\/\/bgcgm.org\/es\/#organization\",\"name\":\"Boys &amp; Girls Clubs of Greater Manchester\",\"url\":\"https:\/\/bgcgm.org\/es\/\",\"logo\":{\"@type\":\"ImageObject\",\"inLanguage\":\"es\",\"@id\":\"https:\/\/bgcgm.org\/es\/#\/schema\/logo\/image\/\",\"url\":\"https:\/\/bgcgm.org\/wp-content\/uploads\/2022\/04\/BGCGM-CLUBS-Logo-Color-Centered.png\",\"contentUrl\":\"https:\/\/bgcgm.org\/wp-content\/uploads\/2022\/04\/BGCGM-CLUBS-Logo-Color-Centered.png\",\"width\":19227,\"height\":10302,\"caption\":\"Boys &amp; Girls Clubs of Greater Manchester\"},\"image\":{\"@id\":\"https:\/\/bgcgm.org\/es\/#\/schema\/logo\/image\/\"}}]}<\/script>\n<!-- \/ Yoast SEO plugin. -->","yoast_head_json":{"title":"Support The Club | Boys & Girls Club of Manchester","description":"When you support the Club, you are helping children in our community reach their full potential! Support the Boys & Girls Club of Manchester.","robots":{"index":"index","follow":"follow","max-snippet":"max-snippet:-1","max-image-preview":"max-image-preview:large","max-video-preview":"max-video-preview:-1"},"canonical":"https:\/\/bgcgm.org\/es\/apoya-al-club\/","og_locale":"es_ES","og_type":"article","og_title":"Support The Club | Boys & Girls Club of Manchester","og_description":"When you support the Club, you are helping children in our community reach their full potential! Support the Boys & Girls Club of Manchester.","og_url":"https:\/\/bgcgm.org\/es\/apoya-al-club\/","og_site_name":"Boys &amp; Girls Clubs of Greater Manchester","article_modified_time":"2024-07-29T15:41:43+00:00","og_image":[{"url":"https:\/\/bgcgm.org\/wp-content\/uploads\/2022\/09\/DSC_0031-2-1024x683.jpg","type":"","width":"","height":""}],"twitter_card":"summary_large_image","schema":{"@context":"https:\/\/schema.org","@graph":[{"@type":"WebPage","@id":"https:\/\/bgcgm.org\/es\/apoya-al-club\/","url":"https:\/\/bgcgm.org\/es\/apoya-al-club\/","name":"Support The Club | Boys & Girls Club of Manchester","isPartOf":{"@id":"https:\/\/bgcgm.org\/es\/#website"},"primaryImageOfPage":{"@id":"https:\/\/bgcgm.org\/es\/apoya-al-club\/#primaryimage"},"image":{"@id":"https:\/\/bgcgm.org\/es\/apoya-al-club\/#primaryimage"},"thumbnailUrl":"https:\/\/bgcgm.org\/wp-content\/uploads\/2022\/09\/DSC_0031-2-1024x683.jpg","datePublished":"2022-06-28T19:09:27+00:00","dateModified":"2024-07-29T15:41:43+00:00","description":"When you support the Club, you are helping children in our community reach their full potential! Support the Boys & Girls Club of Manchester.","breadcrumb":{"@id":"https:\/\/bgcgm.org\/es\/apoya-al-club\/#breadcrumb"},"inLanguage":"es","potentialAction":[{"@type":"ReadAction","target":["https:\/\/bgcgm.org\/es\/apoya-al-club\/"]}]},{"@type":"ImageObject","inLanguage":"es","@id":"https:\/\/bgcgm.org\/es\/apoya-al-club\/#primaryimage","url":"https:\/\/bgcgm.org\/wp-content\/uploads\/2022\/09\/DSC_0031-2-1024x683.jpg","contentUrl":"https:\/\/bgcgm.org\/wp-content\/uploads\/2022\/09\/DSC_0031-2-1024x683.jpg"},{"@type":"BreadcrumbList","@id":"https:\/\/bgcgm.org\/es\/apoya-al-club\/#breadcrumb","itemListElement":[{"@type":"ListItem","position":1,"name":"Home","item":"https:\/\/bgcgm.org\/es\/inicio\/"},{"@type":"ListItem","position":2,"name":"Apoya al Club"}]},{"@type":"WebSite","@id":"https:\/\/bgcgm.org\/es\/#website","url":"https:\/\/bgcgm.org\/es\/","name":"Boys &amp; Girls Clubs of Greater Manchester","description":"Boys &amp; Girls Clubs of Greater Manchester","publisher":{"@id":"https:\/\/bgcgm.org\/es\/#organization"},"potentialAction":[{"@type":"SearchAction","target":{"@type":"EntryPoint","urlTemplate":"https:\/\/bgcgm.org\/es\/?s={search_term_string}"},"query-input":{"@type":"PropertyValueSpecification","valueRequired":true,"valueName":"search_term_string"}}],"inLanguage":"es"},{"@type":"Organization","@id":"https:\/\/bgcgm.org\/es\/#organization","name":"Boys &amp; Girls Clubs of Greater Manchester","url":"https:\/\/bgcgm.org\/es\/","logo":{"@type":"ImageObject","inLanguage":"es","@id":"https:\/\/bgcgm.org\/es\/#\/schema\/logo\/image\/","url":"https:\/\/bgcgm.org\/wp-content\/uploads\/2022\/04\/BGCGM-CLUBS-Logo-Color-Centered.png","contentUrl":"https:\/\/bgcgm.org\/wp-content\/uploads\/2022\/04\/BGCGM-CLUBS-Logo-Color-Centered.png","width":19227,"height":10302,"caption":"Boys &amp; Girls Clubs of Greater Manchester"},"image":{"@id":"https:\/\/bgcgm.org\/es\/#\/schema\/logo\/image\/"}}]}},"_links":{"self":[{"href":"https:\/\/bgcgm.org\/es\/wp-json\/wp\/v2\/pages\/12548","targetHints":{"allow":["GET"]}}],"collection":[{"href":"https:\/\/bgcgm.org\/es\/wp-json\/wp\/v2\/pages"}],"about":[{"href":"https:\/\/bgcgm.org\/es\/wp-json\/wp\/v2\/types\/page"}],"author":[{"embeddable":true,"href":"https:\/\/bgcgm.org\/es\/wp-json\/wp\/v2\/users\/1"}],"replies":[{"embeddable":true,"href":"https:\/\/bgcgm.org\/es\/wp-json\/wp\/v2\/comments?post=12548"}],"version-history":[{"count":4,"href":"https:\/\/bgcgm.org\/es\/wp-json\/wp\/v2\/pages\/12548\/revisions"}],"predecessor-version":[{"id":12713,"href":"https:\/\/bgcgm.org\/es\/wp-json\/wp\/v2\/pages\/12548\/revisions\/12713"}],"wp:attachment":[{"href":"https:\/\/bgcgm.org\/es\/wp-json\/wp\/v2\/media?parent=12548"}],"curies":[{"name":"wp","href":"https:\/\/api.w.org\/{rel}","templated":true}]}}