{"id":12484,"date":"2022-10-12T16:01:08","date_gmt":"2022-10-12T20:01:08","guid":{"rendered":"https:\/\/mbgcnh.org\/news-events\/club-evolution-tours\/"},"modified":"2026-04-02T09:48:46","modified_gmt":"2026-04-02T13:48:46","slug":"club-evolution-tours","status":"publish","type":"page","link":"https:\/\/bgcgm.org\/es\/news-events\/club-evolution-tours\/","title":{"rendered":"Club Evolution Tours"},"content":{"rendered":"\t\t<div data-elementor-type=\"wp-page\" data-elementor-id=\"12484\" class=\"elementor elementor-12484 elementor-8203\" data-elementor-post-type=\"page\">\n\t\t\t\t\t\t<section class=\"elementor-section elementor-top-section elementor-element elementor-element-43bc1fa0 elementor-section-height-min-height elementor-section-boxed elementor-section-height-default elementor-section-items-middle\" data-id=\"43bc1fa0\" data-element_type=\"section\" data-e-type=\"section\" data-settings=\"{&quot;background_background&quot;:&quot;classic&quot;,&quot;shape_divider_bottom&quot;:&quot;mountains&quot;}\">\n\t\t\t\t\t\t\t<div class=\"elementor-background-overlay\"><\/div>\n\t\t\t\t\t\t<div class=\"elementor-shape elementor-shape-bottom\" aria-hidden=\"true\" data-negative=\"false\">\n\t\t\t<svg xmlns=\"http:\/\/www.w3.org\/2000\/svg\" viewBox=\"0 0 1000 100\" preserveAspectRatio=\"none\">\n\t<path class=\"elementor-shape-fill\" opacity=\"0.33\" d=\"M473,67.3c-203.9,88.3-263.1-34-320.3,0C66,119.1,0,59.7,0,59.7V0h1000v59.7 c0,0-62.1,26.1-94.9,29.3c-32.8,3.3-62.8-12.3-75.8-22.1C806,49.6,745.3,8.7,694.9,4.7S492.4,59,473,67.3z\"\/>\n\t<path class=\"elementor-shape-fill\" opacity=\"0.66\" d=\"M734,67.3c-45.5,0-77.2-23.2-129.1-39.1c-28.6-8.7-150.3-10.1-254,39.1 s-91.7-34.4-149.2,0C115.7,118.3,0,39.8,0,39.8V0h1000v36.5c0,0-28.2-18.5-92.1-18.5C810.2,18.1,775.7,67.3,734,67.3z\"\/>\n\t<path class=\"elementor-shape-fill\" d=\"M766.1,28.9c-200-57.5-266,65.5-395.1,19.5C242,1.8,242,5.4,184.8,20.6C128,35.8,132.3,44.9,89.9,52.5C28.6,63.7,0,0,0,0 h1000c0,0-9.9,40.9-83.6,48.1S829.6,47,766.1,28.9z\"\/>\n<\/svg>\t\t<\/div>\n\t\t\t\t\t<div class=\"elementor-container elementor-column-gap-no\">\n\t\t\t\t\t<div class=\"elementor-column elementor-col-100 elementor-top-column elementor-element elementor-element-7facc81e\" data-id=\"7facc81e\" data-element_type=\"column\" data-e-type=\"column\">\n\t\t\t<div class=\"elementor-widget-wrap elementor-element-populated\">\n\t\t\t\t\t\t<div class=\"elementor-element elementor-element-32c06d24 elementor-widget elementor-widget-heading\" data-id=\"32c06d24\" data-element_type=\"widget\" data-e-type=\"widget\" data-widget_type=\"heading.default\">\n\t\t\t\t<div class=\"elementor-widget-container\">\n\t\t\t\t\t<h1 class=\"elementor-heading-title elementor-size-default\">Recorridos Evoluci\u00f3n<\/h1>\t\t\t\t<\/div>\n\t\t\t\t<\/div>\n\t\t\t\t\t<\/div>\n\t\t<\/div>\n\t\t\t\t\t<\/div>\n\t\t<\/section>\n\t\t\t\t<section class=\"elementor-section elementor-top-section elementor-element elementor-element-19393193 elementor-section-boxed elementor-section-height-default elementor-section-height-default\" data-id=\"19393193\" data-element_type=\"section\" data-e-type=\"section\" data-settings=\"{&quot;shape_divider_top&quot;:&quot;mountains&quot;}\">\n\t\t\t\t\t<div class=\"elementor-shape elementor-shape-top\" aria-hidden=\"true\" data-negative=\"false\">\n\t\t\t<svg xmlns=\"http:\/\/www.w3.org\/2000\/svg\" viewBox=\"0 0 1000 100\" preserveAspectRatio=\"none\">\n\t<path class=\"elementor-shape-fill\" opacity=\"0.33\" d=\"M473,67.3c-203.9,88.3-263.1-34-320.3,0C66,119.1,0,59.7,0,59.7V0h1000v59.7 c0,0-62.1,26.1-94.9,29.3c-32.8,3.3-62.8-12.3-75.8-22.1C806,49.6,745.3,8.7,694.9,4.7S492.4,59,473,67.3z\"\/>\n\t<path class=\"elementor-shape-fill\" opacity=\"0.66\" d=\"M734,67.3c-45.5,0-77.2-23.2-129.1-39.1c-28.6-8.7-150.3-10.1-254,39.1 s-91.7-34.4-149.2,0C115.7,118.3,0,39.8,0,39.8V0h1000v36.5c0,0-28.2-18.5-92.1-18.5C810.2,18.1,775.7,67.3,734,67.3z\"\/>\n\t<path class=\"elementor-shape-fill\" d=\"M766.1,28.9c-200-57.5-266,65.5-395.1,19.5C242,1.8,242,5.4,184.8,20.6C128,35.8,132.3,44.9,89.9,52.5C28.6,63.7,0,0,0,0 h1000c0,0-9.9,40.9-83.6,48.1S829.6,47,766.1,28.9z\"\/>\n<\/svg>\t\t<\/div>\n\t\t\t\t\t<div class=\"elementor-container elementor-column-gap-no\">\n\t\t\t\t\t<div class=\"elementor-column elementor-col-100 elementor-top-column elementor-element elementor-element-17399d60\" data-id=\"17399d60\" data-element_type=\"column\" data-e-type=\"column\">\n\t\t\t<div class=\"elementor-widget-wrap elementor-element-populated\">\n\t\t\t\t\t\t<section class=\"elementor-section elementor-inner-section elementor-element elementor-element-4e489eea elementor-reverse-tablet elementor-reverse-mobile elementor-section-boxed elementor-section-height-default elementor-section-height-default\" data-id=\"4e489eea\" data-element_type=\"section\" data-e-type=\"section\">\n\t\t\t\t\t\t<div class=\"elementor-container elementor-column-gap-no\">\n\t\t\t\t\t<div class=\"elementor-column elementor-col-50 elementor-inner-column elementor-element elementor-element-29c7f95b\" data-id=\"29c7f95b\" data-element_type=\"column\" data-e-type=\"column\">\n\t\t\t<div class=\"elementor-widget-wrap elementor-element-populated\">\n\t\t\t\t\t\t<div class=\"elementor-element elementor-element-b9775bb elementor-widget elementor-widget-heading\" data-id=\"b9775bb\" data-element_type=\"widget\" data-e-type=\"widget\" data-widget_type=\"heading.default\">\n\t\t\t\t<div class=\"elementor-widget-container\">\n\t\t\t\t\t<h2 class=\"elementor-heading-title elementor-size-default\">Descubre BGCGM<\/h2>\t\t\t\t<\/div>\n\t\t\t\t<\/div>\n\t\t\t\t<div class=\"elementor-element elementor-element-5eb9f5e elementor-widget elementor-widget-heading\" data-id=\"5eb9f5e\" data-element_type=\"widget\" data-e-type=\"widget\" data-widget_type=\"heading.default\">\n\t\t\t\t<div class=\"elementor-widget-container\">\n\t\t\t\t\t<h2 class=\"elementor-heading-title elementor-size-default\">Union Street Clubhouse<br>555 Union Street<br>Manchester, NH 03104\n<br><br>Camp Foster\n<br>36 Camp Allen Road\n<br>Bedford, NH 03110<\/h2>\t\t\t\t<\/div>\n\t\t\t\t<\/div>\n\t\t\t\t<div class=\"elementor-element elementor-element-4df5bdb elementor-widget elementor-widget-heading\" data-id=\"4df5bdb\" data-element_type=\"widget\" data-e-type=\"widget\" data-widget_type=\"heading.default\">\n\t\t\t\t<div class=\"elementor-widget-container\">\n\t\t\t\t\t<h2 class=\"elementor-heading-title elementor-size-default\">Sobre Evolution Tours<\/h2>\t\t\t\t<\/div>\n\t\t\t\t<\/div>\n\t\t\t\t<div class=\"elementor-element elementor-element-8666358 elementor-widget elementor-widget-text-editor\" data-id=\"8666358\" data-element_type=\"widget\" data-e-type=\"widget\" data-widget_type=\"text-editor.default\">\n\t\t\t\t<div class=\"elementor-widget-container\">\n\t\t\t\t\t\t\t\t\t<p>\u00danete a nosotros en el Clubhouse de Union Street, o en el hermoso Campamento Foster de Bedford, para saber c\u00f3mo seguimos adapt\u00e1ndonos y satisfaciendo las necesidades siempre cambiantes de nuestros ni\u00f1os y nuestra comunidad.<\/p><p>Estas visitas te permitir\u00e1n conocer entre bastidores los innovadores programas y servicios que ofrecemos. Los Recorridos Evoluci\u00f3n pueden programarse para el d\u00eda y la hora que m\u00e1s te convengan, o puedes participar en uno de nuestros recorridos programados para grupos.<\/p><p>Ven a ver el impacto que estamos teniendo y c\u00f3mo puedes participar en el apoyo a nuestra misi\u00f3n.  <\/p>\t\t\t\t\t\t\t\t<\/div>\n\t\t\t\t<\/div>\n\t\t\t\t\t<\/div>\n\t\t<\/div>\n\t\t\t\t<div class=\"elementor-column elementor-col-50 elementor-inner-column elementor-element elementor-element-2c7301c1\" data-id=\"2c7301c1\" data-element_type=\"column\" data-e-type=\"column\">\n\t\t\t<div class=\"elementor-widget-wrap elementor-element-populated\">\n\t\t\t\t\t\t<div class=\"elementor-element elementor-element-f80068e elementor-hidden-desktop elementor-hidden-tablet elementor-hidden-mobile elementor-widget elementor-widget-text-editor\" data-id=\"f80068e\" data-element_type=\"widget\" data-e-type=\"widget\" data-widget_type=\"text-editor.default\">\n\t\t\t\t<div class=\"elementor-widget-container\">\n\t\t\t\t\t\t\t\t\t<p><strong style=\"letter-spacing: 0px;\">La asistencia a los Recorridos Evoluci\u00f3n es gratuita, pero te pedimos que te inscribas con antelaci\u00f3n rellenando el siguiente formulario; o poni\u00e9ndote en contacto con nuestra Directora de Desarrollo, Hashira, en <a href=\"mailto:hrodriguez@bgcgm.org\">hrodriguez@bgcgm.org.<\/a><\/strong><\/p><p><strong>Pr\u00f3ximas fechas de la gira Evolution:<\/strong><\/p><ul><li>Mi\u00e9rcoles, 25 de marzo, a las 12 h<\/li><li>Mi\u00e9rcoles, 1 de abril, a las 16.00 h<\/li><\/ul><div> <\/div><div>\u00bfEst\u00e1s interesado en traer a un grupo de empleados al Club o al Campamento Foster? Deja que te proporcionemos la experiencia completa del Club. Os recogeremos en un autob\u00fas de BGCGM, os llevaremos al Club, os haremos un recorrido inspirador y \u00a1os traeremos de vuelta al trabajo! Para m\u00e1s informaci\u00f3n, ponte en contacto con <strong><a href=\"mailto:hrodriguez@bgcgm.org\">Hashira<\/a><\/strong>.   <\/div>\t\t\t\t\t\t\t\t<\/div>\n\t\t\t\t<\/div>\n\t\t\t\t<div class=\"elementor-element elementor-element-e2e5dab elementor-widget elementor-widget-text-editor\" data-id=\"e2e5dab\" data-element_type=\"widget\" data-e-type=\"widget\" data-widget_type=\"text-editor.default\">\n\t\t\t\t<div class=\"elementor-widget-container\">\n\t\t\t\t\t\t\t\t\t<p><strong style=\"letter-spacing: 0px;\">En estos momentos no tenemos programadas Visitas Evoluci\u00f3n, pero estaremos encantados de programar una visita que se ajuste a tu horario. Ponte en contacto con nuestra Directora de Desarrollo, Hashira, en <a href=\"mailto:hrodriguez@bgcgm.org\">hrodriguez@bgcgm.org,<\/a> para programar tu visita personal hoy mismo. <\/strong><\/p><div>\u00bfEst\u00e1s interesado en traer a un grupo de empleados al Club o al Campamento Foster? Deja que te proporcionemos la experiencia completa del Club. Os recogeremos en un autob\u00fas de BGCGM, os llevaremos al Club, os haremos un recorrido inspirador y \u00a1os traeremos de vuelta al trabajo! Para m\u00e1s informaci\u00f3n, ponte en contacto con <strong><a href=\"mailto:hrodriguez@bgcgm.org\">Hashira<\/a><\/strong>.   <\/div>\t\t\t\t\t\t\t\t<\/div>\n\t\t\t\t<\/div>\n\t\t\t\t<div class=\"elementor-element elementor-element-60b8e25c elementor-widget elementor-widget-image\" data-id=\"60b8e25c\" data-element_type=\"widget\" data-e-type=\"widget\" data-widget_type=\"image.default\">\n\t\t\t\t<div class=\"elementor-widget-container\">\n\t\t\t\t\t\t\t\t\t\t\t\t\t\t\t<img fetchpriority=\"high\" decoding=\"async\" width=\"2048\" height=\"1365\" src=\"https:\/\/www.bgcgm.org\/wp-content\/uploads\/2022\/10\/Kids-Clubbers.jpg\" class=\"attachment-full size-full wp-image-11653\" alt=\"\" srcset=\"https:\/\/www.bgcgm.org\/wp-content\/uploads\/2022\/10\/Kids-Clubbers.jpg 2048w, https:\/\/www.bgcgm.org\/wp-content\/uploads\/2022\/10\/Kids-Clubbers-300x200.jpg 300w, https:\/\/www.bgcgm.org\/wp-content\/uploads\/2022\/10\/Kids-Clubbers-1024x683.jpg 1024w, https:\/\/www.bgcgm.org\/wp-content\/uploads\/2022\/10\/Kids-Clubbers-768x512.jpg 768w, https:\/\/www.bgcgm.org\/wp-content\/uploads\/2022\/10\/Kids-Clubbers-1536x1024.jpg 1536w\" sizes=\"(max-width: 2048px) 100vw, 2048px\" \/>\t\t\t\t\t\t\t\t\t\t\t\t\t\t\t<\/div>\n\t\t\t\t<\/div>\n\t\t\t\t\t<\/div>\n\t\t<\/div>\n\t\t\t\t\t<\/div>\n\t\t<\/section>\n\t\t\t\t<div class=\"elementor-element elementor-element-c39d808 elementor-widget-divider--view-line elementor-widget elementor-widget-divider\" data-id=\"c39d808\" data-element_type=\"widget\" data-e-type=\"widget\" data-widget_type=\"divider.default\">\n\t\t\t\t<div class=\"elementor-widget-container\">\n\t\t\t\t\t\t\t<div class=\"elementor-divider\">\n\t\t\t<span class=\"elementor-divider-separator\">\n\t\t\t\t\t\t<\/span>\n\t\t<\/div>\n\t\t\t\t\t\t<\/div>\n\t\t\t\t<\/div>\n\t\t\t\t\t<\/div>\n\t\t<\/div>\n\t\t\t\t\t<\/div>\n\t\t<\/section>\n\t\t\t\t<section class=\"elementor-section elementor-top-section elementor-element elementor-element-8720bbd elementor-section-boxed elementor-section-height-default elementor-section-height-default\" data-id=\"8720bbd\" data-element_type=\"section\" data-e-type=\"section\">\n\t\t\t\t\t\t<div class=\"elementor-container elementor-column-gap-default\">\n\t\t\t\t\t<div class=\"elementor-column elementor-col-100 elementor-top-column elementor-element elementor-element-52071cd\" data-id=\"52071cd\" data-element_type=\"column\" data-e-type=\"column\">\n\t\t\t<div class=\"elementor-widget-wrap elementor-element-populated\">\n\t\t\t\t\t\t<div class=\"elementor-element elementor-element-da94ae0 elementor-hidden-desktop elementor-hidden-tablet elementor-hidden-mobile elementor-widget elementor-widget-html\" data-id=\"da94ae0\" data-element_type=\"widget\" data-e-type=\"widget\" data-widget_type=\"html.default\">\n\t\t\t\t<div class=\"elementor-widget-container\">\n\t\t\t\t\t<!-- Start form embed -->\r\n<script src=\"https:\/\/sky.blackbaudcdn.net\/static\/reg-form-loader\/5\/main.js\"><\/script>\r\n<!--\r\n  If you embed multiple forms on your page, only copy one of the <script> lines.\r\n  Otherwise, multiple copies of the form will appear.\r\n-->\r\n<div data-blackbaud-registration-form=\"\" data-blackbaud-registration-form-envid=\"p-YQMqEiDfmk6OmOtEHowRqw\" data-blackbaud-registration-form-id=\"5d2ec149-582a-4b12-8a6e-bbac8ef8be7f\" data-blackbaud-registration-form-zone=\"usa\" data-blackbaud-registration-form-header-height=\"0\">\r\n  <!--\r\n    If your page has a header\/overlay, then you can set this\r\n    'data-blackbaud-registration-form-header-height' value\r\n    to your header height so that the payment form will\r\n    scroll to the proper location when opened.\r\n  -->\r\n<\/div>\r\n<!-- End form embed -->\r\n\t\t\t\t<\/div>\n\t\t\t\t<\/div>\n\t\t\t\t\t<\/div>\n\t\t<\/div>\n\t\t\t\t\t<\/div>\n\t\t<\/section>\n\t\t\t\t<\/div>\n\t\t","protected":false},"excerpt":{"rendered":"<p>Recorridos Evoluci\u00f3n Descubre BGCGM Union Street Clubhouse555 Union StreetManchester, NH 03104 Camp Foster 36 Camp Allen Road Bedford, NH 03110 Sobre Evolution Tours \u00danete a nosotros en el Clubhouse de Union Street, o en el hermoso Campamento Foster de Bedford, para saber c\u00f3mo seguimos adapt\u00e1ndonos y satisfaciendo las necesidades siempre cambiantes de nuestros ni\u00f1os y [&hellip;]<\/p>\n","protected":false},"author":7,"featured_media":0,"parent":12315,"menu_order":0,"comment_status":"closed","ping_status":"closed","template":"elementor_header_footer","meta":{"footnotes":""},"class_list":["post-12484","page","type-page","status-publish","hentry"],"yoast_head":"<!-- This site is optimized with the Yoast SEO plugin v27.2 - https:\/\/yoast.com\/product\/yoast-seo-wordpress\/ -->\n<title>Club Evolution Tours - Boys &amp; Girls Clubs of Greater Manchester<\/title>\n<meta name=\"description\" content=\"Visita la Casa Club y el Campamento Foster a trav\u00e9s de Evolution Tours. Selecciona una visita programada o haz una visita personal para ti o tu empresa.\" \/>\n<meta name=\"robots\" content=\"index, follow, max-snippet:-1, max-image-preview:large, max-video-preview:-1\" \/>\n<link rel=\"canonical\" href=\"https:\/\/bgcgm.org\/es\/news-events\/club-evolution-tours\/\" \/>\n<meta property=\"og:locale\" content=\"es_ES\" \/>\n<meta property=\"og:type\" content=\"article\" \/>\n<meta property=\"og:title\" content=\"Club Evolution Tours - Boys &amp; Girls Clubs of Greater Manchester\" \/>\n<meta property=\"og:description\" content=\"Visita la Casa Club y el Campamento Foster a trav\u00e9s de Evolution Tours. Selecciona una visita programada o haz una visita personal para ti o tu empresa.\" \/>\n<meta property=\"og:url\" content=\"https:\/\/bgcgm.org\/es\/news-events\/club-evolution-tours\/\" \/>\n<meta property=\"og:site_name\" content=\"Boys &amp; Girls Clubs of Greater Manchester\" \/>\n<meta property=\"article:modified_time\" content=\"2026-04-02T13:48:46+00:00\" \/>\n<meta property=\"og:image\" content=\"https:\/\/bgcgm.org\/wp-content\/uploads\/2022\/10\/Kids-Clubbers.jpg\" \/>\n\t<meta property=\"og:image:width\" content=\"2048\" \/>\n\t<meta property=\"og:image:height\" content=\"1365\" \/>\n\t<meta property=\"og:image:type\" content=\"image\/jpeg\" \/>\n<meta name=\"twitter:card\" content=\"summary_large_image\" \/>\n<meta name=\"twitter:label1\" content=\"Tiempo de lectura\" \/>\n\t<meta name=\"twitter:data1\" content=\"2 minutos\" \/>\n<script type=\"application\/ld+json\" class=\"yoast-schema-graph\">{\"@context\":\"https:\/\/schema.org\",\"@graph\":[{\"@type\":\"WebPage\",\"@id\":\"https:\/\/bgcgm.org\/es\/news-events\/club-evolution-tours\/\",\"url\":\"https:\/\/bgcgm.org\/es\/news-events\/club-evolution-tours\/\",\"name\":\"Club Evolution Tours - Boys &amp; Girls Clubs of Greater Manchester\",\"isPartOf\":{\"@id\":\"https:\/\/bgcgm.org\/es\/#website\"},\"primaryImageOfPage\":{\"@id\":\"https:\/\/bgcgm.org\/es\/news-events\/club-evolution-tours\/#primaryimage\"},\"image\":{\"@id\":\"https:\/\/bgcgm.org\/es\/news-events\/club-evolution-tours\/#primaryimage\"},\"thumbnailUrl\":\"https:\/\/bgcgm.org\/wp-content\/uploads\/2022\/10\/Kids-Clubbers.jpg\",\"datePublished\":\"2022-10-12T20:01:08+00:00\",\"dateModified\":\"2026-04-02T13:48:46+00:00\",\"description\":\"Visita la Casa Club y el Campamento Foster a trav\u00e9s de Evolution Tours. Selecciona una visita programada o haz una visita personal para ti o tu empresa.\",\"breadcrumb\":{\"@id\":\"https:\/\/bgcgm.org\/es\/news-events\/club-evolution-tours\/#breadcrumb\"},\"inLanguage\":\"es\",\"potentialAction\":[{\"@type\":\"ReadAction\",\"target\":[\"https:\/\/bgcgm.org\/es\/news-events\/club-evolution-tours\/\"]}]},{\"@type\":\"ImageObject\",\"inLanguage\":\"es\",\"@id\":\"https:\/\/bgcgm.org\/es\/news-events\/club-evolution-tours\/#primaryimage\",\"url\":\"https:\/\/bgcgm.org\/wp-content\/uploads\/2022\/10\/Kids-Clubbers.jpg\",\"contentUrl\":\"https:\/\/bgcgm.org\/wp-content\/uploads\/2022\/10\/Kids-Clubbers.jpg\"},{\"@type\":\"BreadcrumbList\",\"@id\":\"https:\/\/bgcgm.org\/es\/news-events\/club-evolution-tours\/#breadcrumb\",\"itemListElement\":[{\"@type\":\"ListItem\",\"position\":1,\"name\":\"Home\",\"item\":\"https:\/\/bgcgm.org\/es\/inicio\/\"},{\"@type\":\"ListItem\",\"position\":2,\"name\":\"News &amp; Events\",\"item\":\"https:\/\/bgcgm.org\/es\/news-events\/\"},{\"@type\":\"ListItem\",\"position\":3,\"name\":\"Club Evolution Tours\"}]},{\"@type\":\"WebSite\",\"@id\":\"https:\/\/bgcgm.org\/es\/#website\",\"url\":\"https:\/\/bgcgm.org\/es\/\",\"name\":\"Boys &amp; Girls Clubs of Greater Manchester\",\"description\":\"Boys &amp; Girls Clubs of Greater Manchester\",\"publisher\":{\"@id\":\"https:\/\/bgcgm.org\/es\/#organization\"},\"potentialAction\":[{\"@type\":\"SearchAction\",\"target\":{\"@type\":\"EntryPoint\",\"urlTemplate\":\"https:\/\/bgcgm.org\/es\/?s={search_term_string}\"},\"query-input\":{\"@type\":\"PropertyValueSpecification\",\"valueRequired\":true,\"valueName\":\"search_term_string\"}}],\"inLanguage\":\"es\"},{\"@type\":\"Organization\",\"@id\":\"https:\/\/bgcgm.org\/es\/#organization\",\"name\":\"Boys &amp; Girls Clubs of Greater Manchester\",\"url\":\"https:\/\/bgcgm.org\/es\/\",\"logo\":{\"@type\":\"ImageObject\",\"inLanguage\":\"es\",\"@id\":\"https:\/\/bgcgm.org\/es\/#\/schema\/logo\/image\/\",\"url\":\"https:\/\/bgcgm.org\/wp-content\/uploads\/2022\/04\/BGCGM-CLUBS-Logo-Color-Centered.png\",\"contentUrl\":\"https:\/\/bgcgm.org\/wp-content\/uploads\/2022\/04\/BGCGM-CLUBS-Logo-Color-Centered.png\",\"width\":19227,\"height\":10302,\"caption\":\"Boys &amp; Girls Clubs of Greater Manchester\"},\"image\":{\"@id\":\"https:\/\/bgcgm.org\/es\/#\/schema\/logo\/image\/\"}}]}<\/script>\n<!-- \/ Yoast SEO plugin. -->","yoast_head_json":{"title":"Club Evolution Tours - Boys &amp; Girls Clubs of Greater Manchester","description":"Visita la Casa Club y el Campamento Foster a trav\u00e9s de Evolution Tours. Selecciona una visita programada o haz una visita personal para ti o tu empresa.","robots":{"index":"index","follow":"follow","max-snippet":"max-snippet:-1","max-image-preview":"max-image-preview:large","max-video-preview":"max-video-preview:-1"},"canonical":"https:\/\/bgcgm.org\/es\/news-events\/club-evolution-tours\/","og_locale":"es_ES","og_type":"article","og_title":"Club Evolution Tours - Boys &amp; Girls Clubs of Greater Manchester","og_description":"Visita la Casa Club y el Campamento Foster a trav\u00e9s de Evolution Tours. Selecciona una visita programada o haz una visita personal para ti o tu empresa.","og_url":"https:\/\/bgcgm.org\/es\/news-events\/club-evolution-tours\/","og_site_name":"Boys &amp; Girls Clubs of Greater Manchester","article_modified_time":"2026-04-02T13:48:46+00:00","og_image":[{"width":2048,"height":1365,"url":"https:\/\/bgcgm.org\/wp-content\/uploads\/2022\/10\/Kids-Clubbers.jpg","type":"image\/jpeg"}],"twitter_card":"summary_large_image","twitter_misc":{"Tiempo de lectura":"2 minutos"},"schema":{"@context":"https:\/\/schema.org","@graph":[{"@type":"WebPage","@id":"https:\/\/bgcgm.org\/es\/news-events\/club-evolution-tours\/","url":"https:\/\/bgcgm.org\/es\/news-events\/club-evolution-tours\/","name":"Club Evolution Tours - Boys &amp; Girls Clubs of Greater Manchester","isPartOf":{"@id":"https:\/\/bgcgm.org\/es\/#website"},"primaryImageOfPage":{"@id":"https:\/\/bgcgm.org\/es\/news-events\/club-evolution-tours\/#primaryimage"},"image":{"@id":"https:\/\/bgcgm.org\/es\/news-events\/club-evolution-tours\/#primaryimage"},"thumbnailUrl":"https:\/\/bgcgm.org\/wp-content\/uploads\/2022\/10\/Kids-Clubbers.jpg","datePublished":"2022-10-12T20:01:08+00:00","dateModified":"2026-04-02T13:48:46+00:00","description":"Visita la Casa Club y el Campamento Foster a trav\u00e9s de Evolution Tours. Selecciona una visita programada o haz una visita personal para ti o tu empresa.","breadcrumb":{"@id":"https:\/\/bgcgm.org\/es\/news-events\/club-evolution-tours\/#breadcrumb"},"inLanguage":"es","potentialAction":[{"@type":"ReadAction","target":["https:\/\/bgcgm.org\/es\/news-events\/club-evolution-tours\/"]}]},{"@type":"ImageObject","inLanguage":"es","@id":"https:\/\/bgcgm.org\/es\/news-events\/club-evolution-tours\/#primaryimage","url":"https:\/\/bgcgm.org\/wp-content\/uploads\/2022\/10\/Kids-Clubbers.jpg","contentUrl":"https:\/\/bgcgm.org\/wp-content\/uploads\/2022\/10\/Kids-Clubbers.jpg"},{"@type":"BreadcrumbList","@id":"https:\/\/bgcgm.org\/es\/news-events\/club-evolution-tours\/#breadcrumb","itemListElement":[{"@type":"ListItem","position":1,"name":"Home","item":"https:\/\/bgcgm.org\/es\/inicio\/"},{"@type":"ListItem","position":2,"name":"News &amp; Events","item":"https:\/\/bgcgm.org\/es\/news-events\/"},{"@type":"ListItem","position":3,"name":"Club Evolution Tours"}]},{"@type":"WebSite","@id":"https:\/\/bgcgm.org\/es\/#website","url":"https:\/\/bgcgm.org\/es\/","name":"Boys &amp; Girls Clubs of Greater Manchester","description":"Boys &amp; Girls Clubs of Greater Manchester","publisher":{"@id":"https:\/\/bgcgm.org\/es\/#organization"},"potentialAction":[{"@type":"SearchAction","target":{"@type":"EntryPoint","urlTemplate":"https:\/\/bgcgm.org\/es\/?s={search_term_string}"},"query-input":{"@type":"PropertyValueSpecification","valueRequired":true,"valueName":"search_term_string"}}],"inLanguage":"es"},{"@type":"Organization","@id":"https:\/\/bgcgm.org\/es\/#organization","name":"Boys &amp; Girls Clubs of Greater Manchester","url":"https:\/\/bgcgm.org\/es\/","logo":{"@type":"ImageObject","inLanguage":"es","@id":"https:\/\/bgcgm.org\/es\/#\/schema\/logo\/image\/","url":"https:\/\/bgcgm.org\/wp-content\/uploads\/2022\/04\/BGCGM-CLUBS-Logo-Color-Centered.png","contentUrl":"https:\/\/bgcgm.org\/wp-content\/uploads\/2022\/04\/BGCGM-CLUBS-Logo-Color-Centered.png","width":19227,"height":10302,"caption":"Boys &amp; Girls Clubs of Greater Manchester"},"image":{"@id":"https:\/\/bgcgm.org\/es\/#\/schema\/logo\/image\/"}}]}},"_links":{"self":[{"href":"https:\/\/bgcgm.org\/es\/wp-json\/wp\/v2\/pages\/12484","targetHints":{"allow":["GET"]}}],"collection":[{"href":"https:\/\/bgcgm.org\/es\/wp-json\/wp\/v2\/pages"}],"about":[{"href":"https:\/\/bgcgm.org\/es\/wp-json\/wp\/v2\/types\/page"}],"author":[{"embeddable":true,"href":"https:\/\/bgcgm.org\/es\/wp-json\/wp\/v2\/users\/7"}],"replies":[{"embeddable":true,"href":"https:\/\/bgcgm.org\/es\/wp-json\/wp\/v2\/comments?post=12484"}],"version-history":[{"count":10,"href":"https:\/\/bgcgm.org\/es\/wp-json\/wp\/v2\/pages\/12484\/revisions"}],"predecessor-version":[{"id":16452,"href":"https:\/\/bgcgm.org\/es\/wp-json\/wp\/v2\/pages\/12484\/revisions\/16452"}],"up":[{"embeddable":true,"href":"https:\/\/bgcgm.org\/es\/wp-json\/wp\/v2\/pages\/12315"}],"wp:attachment":[{"href":"https:\/\/bgcgm.org\/es\/wp-json\/wp\/v2\/media?parent=12484"}],"curies":[{"name":"wp","href":"https:\/\/api.w.org\/{rel}","templated":true}]}}