{"id":12407,"date":"2023-06-02T13:50:12","date_gmt":"2023-06-02T17:50:12","guid":{"rendered":"https:\/\/mbgcnh.org\/club-del-patrimonio\/"},"modified":"2025-09-23T13:59:49","modified_gmt":"2025-09-23T17:59:49","slug":"club-del-patrimonio","status":"publish","type":"page","link":"https:\/\/bgcgm.org\/es\/apoya-al-club\/club-del-patrimonio\/","title":{"rendered":"Club del Patrimonio"},"content":{"rendered":"\t\t<div data-elementor-type=\"wp-page\" data-elementor-id=\"12407\" class=\"elementor elementor-12407 elementor-9628\" data-elementor-post-type=\"page\">\n\t\t\t\t\t\t<section class=\"elementor-section elementor-top-section elementor-element elementor-element-4e2a24e elementor-section-height-min-height elementor-section-boxed elementor-section-height-default elementor-section-items-middle\" data-id=\"4e2a24e\" data-element_type=\"section\" data-e-type=\"section\" data-settings=\"{&quot;background_background&quot;:&quot;classic&quot;,&quot;shape_divider_bottom&quot;:&quot;mountains&quot;}\">\n\t\t\t\t\t\t\t<div class=\"elementor-background-overlay\"><\/div>\n\t\t\t\t\t\t<div class=\"elementor-shape elementor-shape-bottom\" aria-hidden=\"true\" data-negative=\"false\">\n\t\t\t<svg xmlns=\"http:\/\/www.w3.org\/2000\/svg\" viewBox=\"0 0 1000 100\" preserveAspectRatio=\"none\">\n\t<path class=\"elementor-shape-fill\" opacity=\"0.33\" d=\"M473,67.3c-203.9,88.3-263.1-34-320.3,0C66,119.1,0,59.7,0,59.7V0h1000v59.7 c0,0-62.1,26.1-94.9,29.3c-32.8,3.3-62.8-12.3-75.8-22.1C806,49.6,745.3,8.7,694.9,4.7S492.4,59,473,67.3z\"\/>\n\t<path class=\"elementor-shape-fill\" opacity=\"0.66\" d=\"M734,67.3c-45.5,0-77.2-23.2-129.1-39.1c-28.6-8.7-150.3-10.1-254,39.1 s-91.7-34.4-149.2,0C115.7,118.3,0,39.8,0,39.8V0h1000v36.5c0,0-28.2-18.5-92.1-18.5C810.2,18.1,775.7,67.3,734,67.3z\"\/>\n\t<path class=\"elementor-shape-fill\" d=\"M766.1,28.9c-200-57.5-266,65.5-395.1,19.5C242,1.8,242,5.4,184.8,20.6C128,35.8,132.3,44.9,89.9,52.5C28.6,63.7,0,0,0,0 h1000c0,0-9.9,40.9-83.6,48.1S829.6,47,766.1,28.9z\"\/>\n<\/svg>\t\t<\/div>\n\t\t\t\t\t<div class=\"elementor-container elementor-column-gap-default\">\n\t\t\t\t\t<div class=\"elementor-column elementor-col-100 elementor-top-column elementor-element elementor-element-c0695e6\" data-id=\"c0695e6\" data-element_type=\"column\" data-e-type=\"column\">\n\t\t\t<div class=\"elementor-widget-wrap elementor-element-populated\">\n\t\t\t\t\t\t<div class=\"elementor-element elementor-element-6515e0d elementor-widget elementor-widget-heading\" data-id=\"6515e0d\" data-element_type=\"widget\" data-e-type=\"widget\" data-widget_type=\"heading.default\">\n\t\t\t\t<div class=\"elementor-widget-container\">\n\t\t\t\t\t<h2 class=\"elementor-heading-title elementor-size-default\">Club del Patrimonio<\/h2>\t\t\t\t<\/div>\n\t\t\t\t<\/div>\n\t\t\t\t\t<\/div>\n\t\t<\/div>\n\t\t\t\t\t<\/div>\n\t\t<\/section>\n\t\t\t\t<section class=\"elementor-section elementor-top-section elementor-element elementor-element-e7bc592 elementor-section-boxed elementor-section-height-default elementor-section-height-default\" data-id=\"e7bc592\" data-element_type=\"section\" data-e-type=\"section\">\n\t\t\t\t\t\t<div class=\"elementor-container elementor-column-gap-default\">\n\t\t\t\t\t<div class=\"elementor-column elementor-col-100 elementor-top-column elementor-element elementor-element-ea3ffa5\" data-id=\"ea3ffa5\" data-element_type=\"column\" data-e-type=\"column\">\n\t\t\t<div class=\"elementor-widget-wrap elementor-element-populated\">\n\t\t\t\t\t\t<div class=\"elementor-element elementor-element-4b1a660 elementor-widget elementor-widget-text-editor\" data-id=\"4b1a660\" data-element_type=\"widget\" data-e-type=\"widget\" data-widget_type=\"text-editor.default\">\n\t\t\t\t<div class=\"elementor-widget-container\">\n\t\t\t\t\t\t\t\t\t<p><span class=\"WdYUQQ\">Legacy giving is a powerful way to leave a lasting impact on a cause that you care about deeply. By joining  <\/span><span class=\"WdYUQQ\">El<\/span> <span class=\"WdYUQQ\">Club del Patrimonio<\/span><span class=\"WdYUQQ\">tienes la oportunidad de crear un legado que perdurar\u00e1 durante generaciones, proporcionando apoyo y oportunidades a innumerables ni\u00f1os de la comunidad del Gran Manchester.<\/span><\/p>\n\t\t\t\t\t\t\t\t<\/div>\n\t\t\t\t<\/div>\n\t\t\t\t<div class=\"elementor-element elementor-element-800a9ef elementor-blockquote--skin-border elementor-widget elementor-widget-blockquote\" data-id=\"800a9ef\" data-element_type=\"widget\" data-e-type=\"widget\" data-widget_type=\"blockquote.default\">\n\t\t\t\t<div class=\"elementor-widget-container\">\n\t\t\t\t\t\t\t<blockquote class=\"elementor-blockquote\">\n\t\t\t<p class=\"elementor-blockquote__content\">\n\t\t\t\t\"Nunca se sabe lo que los ni\u00f1os pueden llegar a hacer. Haz tu inversi\u00f3n pensando en el final, y que el final sea dentro de un siglo. Invertir en la educaci\u00f3n y el bienestar de los ni\u00f1os es invertir en nuestro futuro. \"\t\t\t<\/p>\n\t\t\t\t\t\t\t<div class=\"e-q-footer\">\n\t\t\t\t\t\t\t\t\t\t\t<cite class=\"elementor-blockquote__author\">-Mark Mulcahy, Heritage Club Member &amp; BGCGM Board of Trustees <\/cite>\n\t\t\t\t\t\t\t\t\t\t\t\t\t\t<\/div>\n\t\t\t\t\t<\/blockquote>\n\t\t\t\t\t\t<\/div>\n\t\t\t\t<\/div>\n\t\t\t\t<div class=\"elementor-element elementor-element-aaaa2c5 elementor-widget-divider--view-line elementor-widget elementor-widget-divider\" data-id=\"aaaa2c5\" data-element_type=\"widget\" data-e-type=\"widget\" data-widget_type=\"divider.default\">\n\t\t\t\t<div class=\"elementor-widget-container\">\n\t\t\t\t\t\t\t<div class=\"elementor-divider\">\n\t\t\t<span class=\"elementor-divider-separator\">\n\t\t\t\t\t\t<\/span>\n\t\t<\/div>\n\t\t\t\t\t\t<\/div>\n\t\t\t\t<\/div>\n\t\t\t\t\t<\/div>\n\t\t<\/div>\n\t\t\t\t\t<\/div>\n\t\t<\/section>\n\t\t\t\t<section class=\"elementor-section elementor-top-section elementor-element elementor-element-22908ad elementor-section-boxed elementor-section-height-default elementor-section-height-default\" data-id=\"22908ad\" data-element_type=\"section\" data-e-type=\"section\">\n\t\t\t\t\t\t<div class=\"elementor-container elementor-column-gap-default\">\n\t\t\t\t\t<div class=\"elementor-column elementor-col-100 elementor-top-column elementor-element elementor-element-304e3cb\" data-id=\"304e3cb\" data-element_type=\"column\" data-e-type=\"column\" data-settings=\"{&quot;background_background&quot;:&quot;classic&quot;}\">\n\t\t\t<div class=\"elementor-widget-wrap elementor-element-populated\">\n\t\t\t\t\t\t<div class=\"elementor-element elementor-element-1ce53a1 elementor-widget elementor-widget-image\" data-id=\"1ce53a1\" data-element_type=\"widget\" data-e-type=\"widget\" data-widget_type=\"image.default\">\n\t\t\t\t<div class=\"elementor-widget-container\">\n\t\t\t\t\t\t\t\t\t\t\t\t\t\t\t<img fetchpriority=\"high\" decoding=\"async\" width=\"461\" height=\"307\" src=\"https:\/\/bgcgm.org\/wp-content\/uploads\/2022\/06\/estate.jpg\" class=\"attachment-full size-full wp-image-11455\" alt=\"\" srcset=\"https:\/\/bgcgm.org\/wp-content\/uploads\/2022\/06\/estate.jpg 461w, https:\/\/bgcgm.org\/wp-content\/uploads\/2022\/06\/estate-300x200.jpg 300w\" sizes=\"(max-width: 461px) 100vw, 461px\" \/>\t\t\t\t\t\t\t\t\t\t\t\t\t\t\t<\/div>\n\t\t\t\t<\/div>\n\t\t\t\t<div class=\"elementor-element elementor-element-ae28390 elementor-widget elementor-widget-heading\" data-id=\"ae28390\" data-element_type=\"widget\" data-e-type=\"widget\" data-widget_type=\"heading.default\">\n\t\t\t\t<div class=\"elementor-widget-container\">\n\t\t\t\t\t<h2 class=\"elementor-heading-title elementor-size-default\">PLANNED GIVING  <\/h2>\t\t\t\t<\/div>\n\t\t\t\t<\/div>\n\t\t\t\t<div class=\"elementor-element elementor-element-f781e48 elementor-widget elementor-widget-text-editor\" data-id=\"f781e48\" data-element_type=\"widget\" data-e-type=\"widget\" data-widget_type=\"text-editor.default\">\n\t\t\t\t<div class=\"elementor-widget-container\">\n\t\t\t\t\t\t\t\t\t<p>Convi\u00e9rtete en Socio del Club Heritage incluyendo a los Boys &amp; Girls Clubs of Greater Manchester en tus planes patrimoniales. Al hacerlo, estar\u00e1s enviando un poderoso mensaje para que los j\u00f3venes de nuestra comunidad se beneficien de los programas y servicios del Club durante generaciones. <\/p>\n<ul>\n<li>Donaci\u00f3n actual de acciones o bienes inmuebles valorados, <i>consulta m\u00e1s abajo para obtener m\u00e1s informaci\u00f3n<\/i><\/li>\n<li>Bequest: The simple way to leave a substantial gift<\/li>\n<li>Life Insurance: A large gift with a small cost<\/li>\n<li>Charitable Trust: Substantial benefits to the donor<\/li>\n<li>Charitable Gift Annuity: A guaranteed income stream for life<\/li>\n<\/ul>\n<p>Si quieres incorporar los Boys &amp; Girls Clubs of Greater Manchester a tu plan de sucesi\u00f3n, rellena nuestro <a href=\"https:\/\/bgcgm.org\/wp-content\/uploads\/2024\/11\/Heritage-Club-Enrollment-Form_Rev.-11.11.24_V2.pdf\">formulario de inscripci\u00f3n confidencial<\/a> y ponte en contacto con nuestra Directora General, Diane Fitzpatrick, en <a href=\"mailto:dfitzpatrick@bgcgm.org\">dfitzpatrick@bgcgm.org<\/a> para obtener m\u00e1s informaci\u00f3n.<\/p>\n<p><strong>Utiliza las instrucciones siguientes para hacer una donaci\u00f3n de acciones a los Boys &amp; Girls Clubs of Greater Manchester.<\/strong><\/p>\n<p>ID de participante DTC: 2663 | Nombre de la cuenta: Boys &amp; Girls Clubs of Greater Manchester | N\u00famero de cuenta: 4104672<\/p>\n<p><strong>Cambridge Trust<br \/><\/strong>Lisa Tourangeau, Vicepresidenta, Responsable de Fideicomisos<br \/>Tel\u00e9fono: <a href=\"tel:6033695130\">603.369.5130<\/a> | Correo electr\u00f3nico: <a href=\"mailto:lisa.tourangeau@cambridgetrust.com\">lisa.tourangeau@cambridgetrust.com<\/a><\/p>\n\t\t\t\t\t\t\t\t<\/div>\n\t\t\t\t<\/div>\n\t\t\t\t\t<\/div>\n\t\t<\/div>\n\t\t\t\t\t<\/div>\n\t\t<\/section>\n\t\t\t\t<\/div>\n\t\t","protected":false},"excerpt":{"rendered":"<p>Club del Patrimonio Legacy giving is a powerful way to leave a lasting impact on a cause that you care about deeply. By joining El Club del Patrimoniotienes la oportunidad de crear un legado que perdurar\u00e1 durante generaciones, proporcionando apoyo y oportunidades a innumerables ni\u00f1os de la comunidad del Gran Manchester. \u00abNunca se sabe lo [&hellip;]<\/p>\n","protected":false},"author":7,"featured_media":0,"parent":12548,"menu_order":0,"comment_status":"closed","ping_status":"closed","template":"elementor_header_footer","meta":{"footnotes":""},"class_list":["post-12407","page","type-page","status-publish","hentry"],"yoast_head":"<!-- This site is optimized with the Yoast SEO plugin v27.2 - https:\/\/yoast.com\/product\/yoast-seo-wordpress\/ -->\n<title>Individual Donors | Boys &amp; Girls Club of Manchester<\/title>\n<meta name=\"description\" content=\"See the various ways in which individual donors help the Boys &amp; Girls Club of Manchester, whether it&#039;s a single or ongoing contribution.\" \/>\n<meta name=\"robots\" content=\"index, follow, max-snippet:-1, max-image-preview:large, max-video-preview:-1\" \/>\n<link rel=\"canonical\" href=\"https:\/\/bgcgm.org\/es\/apoya-al-club\/club-del-patrimonio\/\" \/>\n<meta property=\"og:locale\" content=\"es_ES\" \/>\n<meta property=\"og:type\" content=\"article\" \/>\n<meta property=\"og:title\" content=\"Individual Donors | Boys &amp; Girls Club of Manchester\" \/>\n<meta property=\"og:description\" content=\"See the various ways in which individual donors help the Boys &amp; Girls Club of Manchester, whether it&#039;s a single or ongoing contribution.\" \/>\n<meta property=\"og:url\" content=\"https:\/\/bgcgm.org\/es\/apoya-al-club\/club-del-patrimonio\/\" \/>\n<meta property=\"og:site_name\" content=\"Boys &amp; Girls Clubs of Greater Manchester\" \/>\n<meta property=\"article:modified_time\" content=\"2025-09-23T17:59:49+00:00\" \/>\n<meta property=\"og:image\" content=\"https:\/\/bgcgm.org\/wp-content\/uploads\/2022\/06\/estate.jpg\" \/>\n\t<meta property=\"og:image:width\" content=\"461\" \/>\n\t<meta property=\"og:image:height\" content=\"307\" \/>\n\t<meta property=\"og:image:type\" content=\"image\/jpeg\" \/>\n<meta name=\"twitter:card\" content=\"summary_large_image\" \/>\n<meta name=\"twitter:label1\" content=\"Tiempo de lectura\" \/>\n\t<meta name=\"twitter:data1\" content=\"2 minutos\" \/>\n<script type=\"application\/ld+json\" class=\"yoast-schema-graph\">{\"@context\":\"https:\/\/schema.org\",\"@graph\":[{\"@type\":\"WebPage\",\"@id\":\"https:\/\/bgcgm.org\/es\/apoya-al-club\/club-del-patrimonio\/\",\"url\":\"https:\/\/bgcgm.org\/es\/apoya-al-club\/club-del-patrimonio\/\",\"name\":\"Individual Donors | Boys & Girls Club of Manchester\",\"isPartOf\":{\"@id\":\"https:\/\/bgcgm.org\/es\/#website\"},\"primaryImageOfPage\":{\"@id\":\"https:\/\/bgcgm.org\/es\/apoya-al-club\/club-del-patrimonio\/#primaryimage\"},\"image\":{\"@id\":\"https:\/\/bgcgm.org\/es\/apoya-al-club\/club-del-patrimonio\/#primaryimage\"},\"thumbnailUrl\":\"https:\/\/bgcgm.org\/wp-content\/uploads\/2022\/06\/estate.jpg\",\"datePublished\":\"2023-06-02T17:50:12+00:00\",\"dateModified\":\"2025-09-23T17:59:49+00:00\",\"description\":\"See the various ways in which individual donors help the Boys & Girls Club of Manchester, whether it's a single or ongoing contribution.\",\"breadcrumb\":{\"@id\":\"https:\/\/bgcgm.org\/es\/apoya-al-club\/club-del-patrimonio\/#breadcrumb\"},\"inLanguage\":\"es\",\"potentialAction\":[{\"@type\":\"ReadAction\",\"target\":[\"https:\/\/bgcgm.org\/es\/apoya-al-club\/club-del-patrimonio\/\"]}]},{\"@type\":\"ImageObject\",\"inLanguage\":\"es\",\"@id\":\"https:\/\/bgcgm.org\/es\/apoya-al-club\/club-del-patrimonio\/#primaryimage\",\"url\":\"https:\/\/bgcgm.org\/wp-content\/uploads\/2022\/06\/estate.jpg\",\"contentUrl\":\"https:\/\/bgcgm.org\/wp-content\/uploads\/2022\/06\/estate.jpg\"},{\"@type\":\"BreadcrumbList\",\"@id\":\"https:\/\/bgcgm.org\/es\/apoya-al-club\/club-del-patrimonio\/#breadcrumb\",\"itemListElement\":[{\"@type\":\"ListItem\",\"position\":1,\"name\":\"Home\",\"item\":\"https:\/\/bgcgm.org\/es\/inicio\/\"},{\"@type\":\"ListItem\",\"position\":2,\"name\":\"Apoya al Club\",\"item\":\"https:\/\/bgcgm.org\/es\/apoya-al-club\/\"},{\"@type\":\"ListItem\",\"position\":3,\"name\":\"Club del Patrimonio\"}]},{\"@type\":\"WebSite\",\"@id\":\"https:\/\/bgcgm.org\/es\/#website\",\"url\":\"https:\/\/bgcgm.org\/es\/\",\"name\":\"Boys &amp; Girls Clubs of Greater Manchester\",\"description\":\"Boys &amp; Girls Clubs of Greater Manchester\",\"publisher\":{\"@id\":\"https:\/\/bgcgm.org\/es\/#organization\"},\"potentialAction\":[{\"@type\":\"SearchAction\",\"target\":{\"@type\":\"EntryPoint\",\"urlTemplate\":\"https:\/\/bgcgm.org\/es\/?s={search_term_string}\"},\"query-input\":{\"@type\":\"PropertyValueSpecification\",\"valueRequired\":true,\"valueName\":\"search_term_string\"}}],\"inLanguage\":\"es\"},{\"@type\":\"Organization\",\"@id\":\"https:\/\/bgcgm.org\/es\/#organization\",\"name\":\"Boys &amp; Girls Clubs of Greater Manchester\",\"url\":\"https:\/\/bgcgm.org\/es\/\",\"logo\":{\"@type\":\"ImageObject\",\"inLanguage\":\"es\",\"@id\":\"https:\/\/bgcgm.org\/es\/#\/schema\/logo\/image\/\",\"url\":\"https:\/\/bgcgm.org\/wp-content\/uploads\/2022\/04\/BGCGM-CLUBS-Logo-Color-Centered.png\",\"contentUrl\":\"https:\/\/bgcgm.org\/wp-content\/uploads\/2022\/04\/BGCGM-CLUBS-Logo-Color-Centered.png\",\"width\":19227,\"height\":10302,\"caption\":\"Boys &amp; Girls Clubs of Greater Manchester\"},\"image\":{\"@id\":\"https:\/\/bgcgm.org\/es\/#\/schema\/logo\/image\/\"}}]}<\/script>\n<!-- \/ Yoast SEO plugin. -->","yoast_head_json":{"title":"Individual Donors | Boys & Girls Club of Manchester","description":"See the various ways in which individual donors help the Boys & Girls Club of Manchester, whether it's a single or ongoing contribution.","robots":{"index":"index","follow":"follow","max-snippet":"max-snippet:-1","max-image-preview":"max-image-preview:large","max-video-preview":"max-video-preview:-1"},"canonical":"https:\/\/bgcgm.org\/es\/apoya-al-club\/club-del-patrimonio\/","og_locale":"es_ES","og_type":"article","og_title":"Individual Donors | Boys & Girls Club of Manchester","og_description":"See the various ways in which individual donors help the Boys & Girls Club of Manchester, whether it's a single or ongoing contribution.","og_url":"https:\/\/bgcgm.org\/es\/apoya-al-club\/club-del-patrimonio\/","og_site_name":"Boys &amp; Girls Clubs of Greater Manchester","article_modified_time":"2025-09-23T17:59:49+00:00","og_image":[{"width":461,"height":307,"url":"https:\/\/bgcgm.org\/wp-content\/uploads\/2022\/06\/estate.jpg","type":"image\/jpeg"}],"twitter_card":"summary_large_image","twitter_misc":{"Tiempo de lectura":"2 minutos"},"schema":{"@context":"https:\/\/schema.org","@graph":[{"@type":"WebPage","@id":"https:\/\/bgcgm.org\/es\/apoya-al-club\/club-del-patrimonio\/","url":"https:\/\/bgcgm.org\/es\/apoya-al-club\/club-del-patrimonio\/","name":"Individual Donors | Boys & Girls Club of Manchester","isPartOf":{"@id":"https:\/\/bgcgm.org\/es\/#website"},"primaryImageOfPage":{"@id":"https:\/\/bgcgm.org\/es\/apoya-al-club\/club-del-patrimonio\/#primaryimage"},"image":{"@id":"https:\/\/bgcgm.org\/es\/apoya-al-club\/club-del-patrimonio\/#primaryimage"},"thumbnailUrl":"https:\/\/bgcgm.org\/wp-content\/uploads\/2022\/06\/estate.jpg","datePublished":"2023-06-02T17:50:12+00:00","dateModified":"2025-09-23T17:59:49+00:00","description":"See the various ways in which individual donors help the Boys & Girls Club of Manchester, whether it's a single or ongoing contribution.","breadcrumb":{"@id":"https:\/\/bgcgm.org\/es\/apoya-al-club\/club-del-patrimonio\/#breadcrumb"},"inLanguage":"es","potentialAction":[{"@type":"ReadAction","target":["https:\/\/bgcgm.org\/es\/apoya-al-club\/club-del-patrimonio\/"]}]},{"@type":"ImageObject","inLanguage":"es","@id":"https:\/\/bgcgm.org\/es\/apoya-al-club\/club-del-patrimonio\/#primaryimage","url":"https:\/\/bgcgm.org\/wp-content\/uploads\/2022\/06\/estate.jpg","contentUrl":"https:\/\/bgcgm.org\/wp-content\/uploads\/2022\/06\/estate.jpg"},{"@type":"BreadcrumbList","@id":"https:\/\/bgcgm.org\/es\/apoya-al-club\/club-del-patrimonio\/#breadcrumb","itemListElement":[{"@type":"ListItem","position":1,"name":"Home","item":"https:\/\/bgcgm.org\/es\/inicio\/"},{"@type":"ListItem","position":2,"name":"Apoya al Club","item":"https:\/\/bgcgm.org\/es\/apoya-al-club\/"},{"@type":"ListItem","position":3,"name":"Club del Patrimonio"}]},{"@type":"WebSite","@id":"https:\/\/bgcgm.org\/es\/#website","url":"https:\/\/bgcgm.org\/es\/","name":"Boys &amp; Girls Clubs of Greater Manchester","description":"Boys &amp; Girls Clubs of Greater Manchester","publisher":{"@id":"https:\/\/bgcgm.org\/es\/#organization"},"potentialAction":[{"@type":"SearchAction","target":{"@type":"EntryPoint","urlTemplate":"https:\/\/bgcgm.org\/es\/?s={search_term_string}"},"query-input":{"@type":"PropertyValueSpecification","valueRequired":true,"valueName":"search_term_string"}}],"inLanguage":"es"},{"@type":"Organization","@id":"https:\/\/bgcgm.org\/es\/#organization","name":"Boys &amp; Girls Clubs of Greater Manchester","url":"https:\/\/bgcgm.org\/es\/","logo":{"@type":"ImageObject","inLanguage":"es","@id":"https:\/\/bgcgm.org\/es\/#\/schema\/logo\/image\/","url":"https:\/\/bgcgm.org\/wp-content\/uploads\/2022\/04\/BGCGM-CLUBS-Logo-Color-Centered.png","contentUrl":"https:\/\/bgcgm.org\/wp-content\/uploads\/2022\/04\/BGCGM-CLUBS-Logo-Color-Centered.png","width":19227,"height":10302,"caption":"Boys &amp; Girls Clubs of Greater Manchester"},"image":{"@id":"https:\/\/bgcgm.org\/es\/#\/schema\/logo\/image\/"}}]}},"_links":{"self":[{"href":"https:\/\/bgcgm.org\/es\/wp-json\/wp\/v2\/pages\/12407","targetHints":{"allow":["GET"]}}],"collection":[{"href":"https:\/\/bgcgm.org\/es\/wp-json\/wp\/v2\/pages"}],"about":[{"href":"https:\/\/bgcgm.org\/es\/wp-json\/wp\/v2\/types\/page"}],"author":[{"embeddable":true,"href":"https:\/\/bgcgm.org\/es\/wp-json\/wp\/v2\/users\/7"}],"replies":[{"embeddable":true,"href":"https:\/\/bgcgm.org\/es\/wp-json\/wp\/v2\/comments?post=12407"}],"version-history":[{"count":6,"href":"https:\/\/bgcgm.org\/es\/wp-json\/wp\/v2\/pages\/12407\/revisions"}],"predecessor-version":[{"id":15294,"href":"https:\/\/bgcgm.org\/es\/wp-json\/wp\/v2\/pages\/12407\/revisions\/15294"}],"up":[{"embeddable":true,"href":"https:\/\/bgcgm.org\/es\/wp-json\/wp\/v2\/pages\/12548"}],"wp:attachment":[{"href":"https:\/\/bgcgm.org\/es\/wp-json\/wp\/v2\/media?parent=12407"}],"curies":[{"name":"wp","href":"https:\/\/api.w.org\/{rel}","templated":true}]}}