{"id":12322,"date":"2023-01-27T15:31:45","date_gmt":"2023-01-27T19:31:45","guid":{"rendered":"https:\/\/mbgcnh.org\/donacion-del-circulo-azul\/"},"modified":"2025-06-16T13:28:17","modified_gmt":"2025-06-16T17:28:17","slug":"donacion-del-circulo-azul","status":"publish","type":"page","link":"https:\/\/bgcgm.org\/es\/dona\/donacion-del-circulo-azul\/","title":{"rendered":"Donaci\u00f3n del C\u00edrculo Azul"},"content":{"rendered":"\t\t<div data-elementor-type=\"wp-page\" data-elementor-id=\"12322\" class=\"elementor elementor-12322 elementor-8949\" data-elementor-post-type=\"page\">\n\t\t\t\t\t\t<section class=\"elementor-section elementor-top-section elementor-element elementor-element-7aac787b elementor-section-height-min-height elementor-section-boxed elementor-section-height-default elementor-section-items-middle\" data-id=\"7aac787b\" data-element_type=\"section\" data-e-type=\"section\" data-settings=\"{&quot;background_background&quot;:&quot;classic&quot;,&quot;shape_divider_bottom&quot;:&quot;mountains&quot;}\">\n\t\t\t\t\t\t\t<div class=\"elementor-background-overlay\"><\/div>\n\t\t\t\t\t\t<div class=\"elementor-shape elementor-shape-bottom\" aria-hidden=\"true\" data-negative=\"false\">\n\t\t\t<svg xmlns=\"http:\/\/www.w3.org\/2000\/svg\" viewBox=\"0 0 1000 100\" preserveAspectRatio=\"none\">\n\t<path class=\"elementor-shape-fill\" opacity=\"0.33\" d=\"M473,67.3c-203.9,88.3-263.1-34-320.3,0C66,119.1,0,59.7,0,59.7V0h1000v59.7 c0,0-62.1,26.1-94.9,29.3c-32.8,3.3-62.8-12.3-75.8-22.1C806,49.6,745.3,8.7,694.9,4.7S492.4,59,473,67.3z\"\/>\n\t<path class=\"elementor-shape-fill\" opacity=\"0.66\" d=\"M734,67.3c-45.5,0-77.2-23.2-129.1-39.1c-28.6-8.7-150.3-10.1-254,39.1 s-91.7-34.4-149.2,0C115.7,118.3,0,39.8,0,39.8V0h1000v36.5c0,0-28.2-18.5-92.1-18.5C810.2,18.1,775.7,67.3,734,67.3z\"\/>\n\t<path class=\"elementor-shape-fill\" d=\"M766.1,28.9c-200-57.5-266,65.5-395.1,19.5C242,1.8,242,5.4,184.8,20.6C128,35.8,132.3,44.9,89.9,52.5C28.6,63.7,0,0,0,0 h1000c0,0-9.9,40.9-83.6,48.1S829.6,47,766.1,28.9z\"\/>\n<\/svg>\t\t<\/div>\n\t\t\t\t\t<div class=\"elementor-container elementor-column-gap-no\">\n\t\t\t\t\t<div class=\"elementor-column elementor-col-100 elementor-top-column elementor-element elementor-element-6e23e865\" data-id=\"6e23e865\" data-element_type=\"column\" data-e-type=\"column\">\n\t\t\t<div class=\"elementor-widget-wrap elementor-element-populated\">\n\t\t\t\t\t\t<div class=\"elementor-element elementor-element-6c5405c4 elementor-widget elementor-widget-heading\" data-id=\"6c5405c4\" data-element_type=\"widget\" data-e-type=\"widget\" data-widget_type=\"heading.default\">\n\t\t\t\t<div class=\"elementor-widget-container\">\n\t\t\t\t\t<h1 class=\"elementor-heading-title elementor-size-default\">Afiliaci\u00f3n al C\u00edrculo Azul<\/h1>\t\t\t\t<\/div>\n\t\t\t\t<\/div>\n\t\t\t\t<div class=\"elementor-element elementor-element-2844a6e6 elementor-widget elementor-widget-text-editor\" data-id=\"2844a6e6\" data-element_type=\"widget\" data-e-type=\"widget\" data-widget_type=\"text-editor.default\">\n\t\t\t\t<div class=\"elementor-widget-container\">\n\t\t\t\t\t\t\t\t\t<p><span class=\"TextRun SCXW165070760 BCX0\" lang=\"EN-US\" xml:lang=\"EN-US\" data-contrast=\"auto\"><span class=\"NormalTextRun SCXW165070760 BCX0\">When you support the Club, <\/span><span class=\"NormalTextRun SCXW165070760 BCX0\">you<\/span><span class=\"NormalTextRun SCXW165070760 BCX0\"> are helping children in our community reach their full potential!<\/span><\/span><span class=\"EOP SCXW165070760 BCX0\" data-ccp-props=\"{\"335551550\":2,\"335551620\":2}\"> <\/span><\/p>\n\t\t\t\t\t\t\t\t<\/div>\n\t\t\t\t<\/div>\n\t\t\t\t\t<\/div>\n\t\t<\/div>\n\t\t\t\t\t<\/div>\n\t\t<\/section>\n\t\t\t\t<section class=\"elementor-section elementor-top-section elementor-element elementor-element-51f33ca4 elementor-section-boxed elementor-section-height-default elementor-section-height-default\" data-id=\"51f33ca4\" data-element_type=\"section\" data-e-type=\"section\">\n\t\t\t\t\t\t<div class=\"elementor-container elementor-column-gap-no\">\n\t\t\t\t\t<div class=\"elementor-column elementor-col-100 elementor-top-column elementor-element elementor-element-3acb5151\" data-id=\"3acb5151\" data-element_type=\"column\" data-e-type=\"column\">\n\t\t\t<div class=\"elementor-widget-wrap\">\n\t\t\t\t\t\t\t<\/div>\n\t\t<\/div>\n\t\t\t\t\t<\/div>\n\t\t<\/section>\n\t\t\t\t<section class=\"elementor-section elementor-top-section elementor-element elementor-element-004ae40 elementor-section-boxed elementor-section-height-default elementor-section-height-default\" data-id=\"004ae40\" data-element_type=\"section\" data-e-type=\"section\">\n\t\t\t\t\t\t<div class=\"elementor-container elementor-column-gap-default\">\n\t\t\t\t\t<div class=\"elementor-column elementor-col-100 elementor-top-column elementor-element elementor-element-d84ae79\" data-id=\"d84ae79\" data-element_type=\"column\" data-e-type=\"column\">\n\t\t\t<div class=\"elementor-widget-wrap elementor-element-populated\">\n\t\t\t\t\t\t<section class=\"elementor-section elementor-inner-section elementor-element elementor-element-417155c4 elementor-section-boxed elementor-section-height-default elementor-section-height-default\" data-id=\"417155c4\" data-element_type=\"section\" data-e-type=\"section\">\n\t\t\t\t\t\t<div class=\"elementor-container elementor-column-gap-no\">\n\t\t\t\t\t<div class=\"elementor-column elementor-col-50 elementor-inner-column elementor-element elementor-element-64d00553\" data-id=\"64d00553\" data-element_type=\"column\" data-e-type=\"column\">\n\t\t\t<div class=\"elementor-widget-wrap elementor-element-populated\">\n\t\t\t\t\t\t<div class=\"elementor-element elementor-element-538fb1b elementor-widget elementor-widget-heading\" data-id=\"538fb1b\" data-element_type=\"widget\" data-e-type=\"widget\" data-widget_type=\"heading.default\">\n\t\t\t\t<div class=\"elementor-widget-container\">\n\t\t\t\t\t<h2 class=\"elementor-heading-title elementor-size-default\">Tu contribuci\u00f3n...<\/h2>\t\t\t\t<\/div>\n\t\t\t\t<\/div>\n\t\t\t\t<div class=\"elementor-element elementor-element-6a410dc3 elementor-widget elementor-widget-text-editor\" data-id=\"6a410dc3\" data-element_type=\"widget\" data-e-type=\"widget\" data-widget_type=\"text-editor.default\">\n\t\t\t\t<div class=\"elementor-widget-container\">\n\t\t\t\t\t\t\t\t\t<p><span data-contrast=\"none\">Como miembro del C\u00edrculo Azul, no s\u00f3lo recibir\u00e1s oportunidades de primera categor\u00eda para establecer contactos y desarrollarte profesionalmente, sino que tambi\u00e9n tendr\u00e1s la oportunidad de marcar la diferencia en tu comunidad.  <\/span><\/p>\n<p><strong>Los miembros de la Sociedad de J\u00f3venes Profesionales Blue Circle contribuyen con cuotas de afiliaci\u00f3n de 30 $\/mes o 300 $\/a\u00f1o que se destinan directamente al Boys &amp; Girls Club de Manchester, mejorando la experiencia de nuestros j\u00f3venes.  <\/strong><\/p>\n<p><span data-contrast=\"none\"><span data-contrast=\"none\">Tu apoyo al Boys &amp; Girls Club de Manchester ayudar\u00e1 a proporcionar a los ni\u00f1os las oportunidades y la orientaci\u00f3n que necesitan.<\/span><br \/><\/span><\/p>\n<p><span style=\"letter-spacing: 0px;\">Para unirte al C\u00edrculo Azul, rellena <\/span><strong style=\"letter-spacing: 0px;\"><br \/>\n  <a href=\"https:\/\/forms.gle\/m2FfPXMucN7uySoKA\" target=\"_blank\" rel=\"noopener\">esta breve solicitud<\/a><br \/>\n<\/strong><span style=\"letter-spacing: 0px;\">. Las cuotas de afiliaci\u00f3n se pueden rellenar a continuaci\u00f3n.<\/span><\/p>\n\t\t\t\t\t\t\t\t<\/div>\n\t\t\t\t<\/div>\n\t\t\t\t\t<\/div>\n\t\t<\/div>\n\t\t\t\t<div class=\"elementor-column elementor-col-50 elementor-inner-column elementor-element elementor-element-bd0a141\" data-id=\"bd0a141\" data-element_type=\"column\" data-e-type=\"column\">\n\t\t\t<div class=\"elementor-widget-wrap elementor-element-populated\">\n\t\t\t\t\t\t<div class=\"elementor-element elementor-element-73b90c5 elementor-widget elementor-widget-image\" data-id=\"73b90c5\" data-element_type=\"widget\" data-e-type=\"widget\" data-widget_type=\"image.default\">\n\t\t\t\t<div class=\"elementor-widget-container\">\n\t\t\t\t\t\t\t\t\t\t\t\t\t\t\t<img fetchpriority=\"high\" decoding=\"async\" width=\"800\" height=\"706\" src=\"https:\/\/bgcgm.org\/wp-content\/uploads\/2023\/01\/DSC_2976-1024x904.jpg\" class=\"attachment-large size-large wp-image-11795\" alt=\"\" srcset=\"https:\/\/bgcgm.org\/wp-content\/uploads\/2023\/01\/DSC_2976-1024x904.jpg 1024w, https:\/\/bgcgm.org\/wp-content\/uploads\/2023\/01\/DSC_2976-300x265.jpg 300w, https:\/\/bgcgm.org\/wp-content\/uploads\/2023\/01\/DSC_2976-768x678.jpg 768w, https:\/\/bgcgm.org\/wp-content\/uploads\/2023\/01\/DSC_2976-1536x1356.jpg 1536w, https:\/\/bgcgm.org\/wp-content\/uploads\/2023\/01\/DSC_2976.jpg 2048w\" sizes=\"(max-width: 800px) 100vw, 800px\" \/>\t\t\t\t\t\t\t\t\t\t\t\t\t\t\t<\/div>\n\t\t\t\t<\/div>\n\t\t\t\t\t<\/div>\n\t\t<\/div>\n\t\t\t\t\t<\/div>\n\t\t<\/section>\n\t\t\t\t\t<\/div>\n\t\t<\/div>\n\t\t\t\t\t<\/div>\n\t\t<\/section>\n\t\t\t\t<section class=\"elementor-section elementor-top-section elementor-element elementor-element-7c3fbee elementor-section-boxed elementor-section-height-default elementor-section-height-default\" data-id=\"7c3fbee\" data-element_type=\"section\" data-e-type=\"section\">\n\t\t\t\t\t\t<div class=\"elementor-container elementor-column-gap-default\">\n\t\t\t\t\t<div class=\"elementor-column elementor-col-100 elementor-top-column elementor-element elementor-element-4256a51\" data-id=\"4256a51\" data-element_type=\"column\" data-e-type=\"column\">\n\t\t\t<div class=\"elementor-widget-wrap elementor-element-populated\">\n\t\t\t\t\t\t<div class=\"elementor-element elementor-element-01e6f3d elementor-widget elementor-widget-html\" data-id=\"01e6f3d\" data-element_type=\"widget\" data-e-type=\"widget\" data-widget_type=\"html.default\">\n\t\t\t\t<div class=\"elementor-widget-container\">\n\t\t\t\t\t<div id=\"bbox-root\"><\/div>\n<script type=\"text\/javascript\">\n    jQuery(document).ready(function(){\n        setTimeout(function () {\n            window.bboxInit = function () {\n           bbox.showForm('f25d41e7-7c22-49f2-8c0d-2fa8169ecc8b');\n       }\n       (function () {\n           var e = document.createElement('script'); e.async = true;\n           e.src = 'https:\/\/bbox.blackbaudhosting.com\/webforms\/bbox-min.js';\n           document.getElementsByTagName('head')[0].appendChild(e);\n       } ());\n         }, 1000)\n    });\n<\/script>\t\t\t\t<\/div>\n\t\t\t\t<\/div>\n\t\t\t\t\t<\/div>\n\t\t<\/div>\n\t\t\t\t\t<\/div>\n\t\t<\/section>\n\t\t\t\t<\/div>\n\t\t","protected":false},"excerpt":{"rendered":"<p>Afiliaci\u00f3n al C\u00edrculo Azul When you support the Club, you are helping children in our community reach their full potential! Tu contribuci\u00f3n&#8230; Como miembro del C\u00edrculo Azul, no s\u00f3lo recibir\u00e1s oportunidades de primera categor\u00eda para establecer contactos y desarrollarte profesionalmente, sino que tambi\u00e9n tendr\u00e1s la oportunidad de marcar la diferencia en tu comunidad. Los miembros [&hellip;]<\/p>\n","protected":false},"author":7,"featured_media":0,"parent":12327,"menu_order":0,"comment_status":"closed","ping_status":"closed","template":"elementor_header_footer","meta":{"footnotes":""},"class_list":["post-12322","page","type-page","status-publish","hentry"],"yoast_head":"<!-- This site is optimized with the Yoast SEO plugin v27.2 - https:\/\/yoast.com\/product\/yoast-seo-wordpress\/ -->\n<title>Support The Club | Boys &amp; Girls Club of Manchester<\/title>\n<meta name=\"description\" content=\"When you support the Club, you are helping children in our community reach their full potential! Support the Boys &amp; Girls Club of Manchester.\" \/>\n<meta name=\"robots\" content=\"index, follow, max-snippet:-1, max-image-preview:large, max-video-preview:-1\" \/>\n<link rel=\"canonical\" href=\"https:\/\/bgcgm.org\/es\/dona\/donacion-del-circulo-azul\/\" \/>\n<meta property=\"og:locale\" content=\"es_ES\" \/>\n<meta property=\"og:type\" content=\"article\" \/>\n<meta property=\"og:title\" content=\"Support The Club | Boys &amp; Girls Club of Manchester\" \/>\n<meta property=\"og:description\" content=\"When you support the Club, you are helping children in our community reach their full potential! Support the Boys &amp; Girls Club of Manchester.\" \/>\n<meta property=\"og:url\" content=\"https:\/\/bgcgm.org\/es\/dona\/donacion-del-circulo-azul\/\" \/>\n<meta property=\"og:site_name\" content=\"Boys &amp; Girls Clubs of Greater Manchester\" \/>\n<meta property=\"article:modified_time\" content=\"2025-06-16T17:28:17+00:00\" \/>\n<meta property=\"og:image\" content=\"https:\/\/bgcgm.org\/wp-content\/uploads\/2023\/01\/DSC_2976.jpg\" \/>\n\t<meta property=\"og:image:width\" content=\"2048\" \/>\n\t<meta property=\"og:image:height\" content=\"1808\" \/>\n\t<meta property=\"og:image:type\" content=\"image\/jpeg\" \/>\n<meta name=\"twitter:card\" content=\"summary_large_image\" \/>\n<meta name=\"twitter:label1\" content=\"Tiempo de lectura\" \/>\n\t<meta name=\"twitter:data1\" content=\"1 minuto\" \/>\n<script type=\"application\/ld+json\" class=\"yoast-schema-graph\">{\"@context\":\"https:\/\/schema.org\",\"@graph\":[{\"@type\":\"WebPage\",\"@id\":\"https:\/\/bgcgm.org\/es\/dona\/donacion-del-circulo-azul\/\",\"url\":\"https:\/\/bgcgm.org\/es\/dona\/donacion-del-circulo-azul\/\",\"name\":\"Support The Club | Boys & Girls Club of Manchester\",\"isPartOf\":{\"@id\":\"https:\/\/bgcgm.org\/es\/#website\"},\"primaryImageOfPage\":{\"@id\":\"https:\/\/bgcgm.org\/es\/dona\/donacion-del-circulo-azul\/#primaryimage\"},\"image\":{\"@id\":\"https:\/\/bgcgm.org\/es\/dona\/donacion-del-circulo-azul\/#primaryimage\"},\"thumbnailUrl\":\"https:\/\/bgcgm.org\/wp-content\/uploads\/2023\/01\/DSC_2976-1024x904.jpg\",\"datePublished\":\"2023-01-27T19:31:45+00:00\",\"dateModified\":\"2025-06-16T17:28:17+00:00\",\"description\":\"When you support the Club, you are helping children in our community reach their full potential! Support the Boys & Girls Club of Manchester.\",\"breadcrumb\":{\"@id\":\"https:\/\/bgcgm.org\/es\/dona\/donacion-del-circulo-azul\/#breadcrumb\"},\"inLanguage\":\"es\",\"potentialAction\":[{\"@type\":\"ReadAction\",\"target\":[\"https:\/\/bgcgm.org\/es\/dona\/donacion-del-circulo-azul\/\"]}]},{\"@type\":\"ImageObject\",\"inLanguage\":\"es\",\"@id\":\"https:\/\/bgcgm.org\/es\/dona\/donacion-del-circulo-azul\/#primaryimage\",\"url\":\"https:\/\/bgcgm.org\/wp-content\/uploads\/2023\/01\/DSC_2976-1024x904.jpg\",\"contentUrl\":\"https:\/\/bgcgm.org\/wp-content\/uploads\/2023\/01\/DSC_2976-1024x904.jpg\"},{\"@type\":\"BreadcrumbList\",\"@id\":\"https:\/\/bgcgm.org\/es\/dona\/donacion-del-circulo-azul\/#breadcrumb\",\"itemListElement\":[{\"@type\":\"ListItem\",\"position\":1,\"name\":\"Home\",\"item\":\"https:\/\/bgcgm.org\/es\/inicio\/\"},{\"@type\":\"ListItem\",\"position\":2,\"name\":\"Dona\",\"item\":\"https:\/\/bgcgm.org\/es\/dona\/\"},{\"@type\":\"ListItem\",\"position\":3,\"name\":\"Donaci\u00f3n del C\u00edrculo Azul\"}]},{\"@type\":\"WebSite\",\"@id\":\"https:\/\/bgcgm.org\/es\/#website\",\"url\":\"https:\/\/bgcgm.org\/es\/\",\"name\":\"Boys &amp; Girls Clubs of Greater Manchester\",\"description\":\"Boys &amp; Girls Clubs of Greater Manchester\",\"publisher\":{\"@id\":\"https:\/\/bgcgm.org\/es\/#organization\"},\"potentialAction\":[{\"@type\":\"SearchAction\",\"target\":{\"@type\":\"EntryPoint\",\"urlTemplate\":\"https:\/\/bgcgm.org\/es\/?s={search_term_string}\"},\"query-input\":{\"@type\":\"PropertyValueSpecification\",\"valueRequired\":true,\"valueName\":\"search_term_string\"}}],\"inLanguage\":\"es\"},{\"@type\":\"Organization\",\"@id\":\"https:\/\/bgcgm.org\/es\/#organization\",\"name\":\"Boys &amp; Girls Clubs of Greater Manchester\",\"url\":\"https:\/\/bgcgm.org\/es\/\",\"logo\":{\"@type\":\"ImageObject\",\"inLanguage\":\"es\",\"@id\":\"https:\/\/bgcgm.org\/es\/#\/schema\/logo\/image\/\",\"url\":\"https:\/\/bgcgm.org\/wp-content\/uploads\/2022\/04\/BGCGM-CLUBS-Logo-Color-Centered.png\",\"contentUrl\":\"https:\/\/bgcgm.org\/wp-content\/uploads\/2022\/04\/BGCGM-CLUBS-Logo-Color-Centered.png\",\"width\":19227,\"height\":10302,\"caption\":\"Boys &amp; Girls Clubs of Greater Manchester\"},\"image\":{\"@id\":\"https:\/\/bgcgm.org\/es\/#\/schema\/logo\/image\/\"}}]}<\/script>\n<!-- \/ Yoast SEO plugin. -->","yoast_head_json":{"title":"Support The Club | Boys & Girls Club of Manchester","description":"When you support the Club, you are helping children in our community reach their full potential! Support the Boys & Girls Club of Manchester.","robots":{"index":"index","follow":"follow","max-snippet":"max-snippet:-1","max-image-preview":"max-image-preview:large","max-video-preview":"max-video-preview:-1"},"canonical":"https:\/\/bgcgm.org\/es\/dona\/donacion-del-circulo-azul\/","og_locale":"es_ES","og_type":"article","og_title":"Support The Club | Boys & Girls Club of Manchester","og_description":"When you support the Club, you are helping children in our community reach their full potential! Support the Boys & Girls Club of Manchester.","og_url":"https:\/\/bgcgm.org\/es\/dona\/donacion-del-circulo-azul\/","og_site_name":"Boys &amp; Girls Clubs of Greater Manchester","article_modified_time":"2025-06-16T17:28:17+00:00","og_image":[{"width":2048,"height":1808,"url":"https:\/\/bgcgm.org\/wp-content\/uploads\/2023\/01\/DSC_2976.jpg","type":"image\/jpeg"}],"twitter_card":"summary_large_image","twitter_misc":{"Tiempo de lectura":"1 minuto"},"schema":{"@context":"https:\/\/schema.org","@graph":[{"@type":"WebPage","@id":"https:\/\/bgcgm.org\/es\/dona\/donacion-del-circulo-azul\/","url":"https:\/\/bgcgm.org\/es\/dona\/donacion-del-circulo-azul\/","name":"Support The Club | Boys & Girls Club of Manchester","isPartOf":{"@id":"https:\/\/bgcgm.org\/es\/#website"},"primaryImageOfPage":{"@id":"https:\/\/bgcgm.org\/es\/dona\/donacion-del-circulo-azul\/#primaryimage"},"image":{"@id":"https:\/\/bgcgm.org\/es\/dona\/donacion-del-circulo-azul\/#primaryimage"},"thumbnailUrl":"https:\/\/bgcgm.org\/wp-content\/uploads\/2023\/01\/DSC_2976-1024x904.jpg","datePublished":"2023-01-27T19:31:45+00:00","dateModified":"2025-06-16T17:28:17+00:00","description":"When you support the Club, you are helping children in our community reach their full potential! Support the Boys & Girls Club of Manchester.","breadcrumb":{"@id":"https:\/\/bgcgm.org\/es\/dona\/donacion-del-circulo-azul\/#breadcrumb"},"inLanguage":"es","potentialAction":[{"@type":"ReadAction","target":["https:\/\/bgcgm.org\/es\/dona\/donacion-del-circulo-azul\/"]}]},{"@type":"ImageObject","inLanguage":"es","@id":"https:\/\/bgcgm.org\/es\/dona\/donacion-del-circulo-azul\/#primaryimage","url":"https:\/\/bgcgm.org\/wp-content\/uploads\/2023\/01\/DSC_2976-1024x904.jpg","contentUrl":"https:\/\/bgcgm.org\/wp-content\/uploads\/2023\/01\/DSC_2976-1024x904.jpg"},{"@type":"BreadcrumbList","@id":"https:\/\/bgcgm.org\/es\/dona\/donacion-del-circulo-azul\/#breadcrumb","itemListElement":[{"@type":"ListItem","position":1,"name":"Home","item":"https:\/\/bgcgm.org\/es\/inicio\/"},{"@type":"ListItem","position":2,"name":"Dona","item":"https:\/\/bgcgm.org\/es\/dona\/"},{"@type":"ListItem","position":3,"name":"Donaci\u00f3n del C\u00edrculo Azul"}]},{"@type":"WebSite","@id":"https:\/\/bgcgm.org\/es\/#website","url":"https:\/\/bgcgm.org\/es\/","name":"Boys &amp; Girls Clubs of Greater Manchester","description":"Boys &amp; Girls Clubs of Greater Manchester","publisher":{"@id":"https:\/\/bgcgm.org\/es\/#organization"},"potentialAction":[{"@type":"SearchAction","target":{"@type":"EntryPoint","urlTemplate":"https:\/\/bgcgm.org\/es\/?s={search_term_string}"},"query-input":{"@type":"PropertyValueSpecification","valueRequired":true,"valueName":"search_term_string"}}],"inLanguage":"es"},{"@type":"Organization","@id":"https:\/\/bgcgm.org\/es\/#organization","name":"Boys &amp; Girls Clubs of Greater Manchester","url":"https:\/\/bgcgm.org\/es\/","logo":{"@type":"ImageObject","inLanguage":"es","@id":"https:\/\/bgcgm.org\/es\/#\/schema\/logo\/image\/","url":"https:\/\/bgcgm.org\/wp-content\/uploads\/2022\/04\/BGCGM-CLUBS-Logo-Color-Centered.png","contentUrl":"https:\/\/bgcgm.org\/wp-content\/uploads\/2022\/04\/BGCGM-CLUBS-Logo-Color-Centered.png","width":19227,"height":10302,"caption":"Boys &amp; Girls Clubs of Greater Manchester"},"image":{"@id":"https:\/\/bgcgm.org\/es\/#\/schema\/logo\/image\/"}}]}},"_links":{"self":[{"href":"https:\/\/bgcgm.org\/es\/wp-json\/wp\/v2\/pages\/12322","targetHints":{"allow":["GET"]}}],"collection":[{"href":"https:\/\/bgcgm.org\/es\/wp-json\/wp\/v2\/pages"}],"about":[{"href":"https:\/\/bgcgm.org\/es\/wp-json\/wp\/v2\/types\/page"}],"author":[{"embeddable":true,"href":"https:\/\/bgcgm.org\/es\/wp-json\/wp\/v2\/users\/7"}],"replies":[{"embeddable":true,"href":"https:\/\/bgcgm.org\/es\/wp-json\/wp\/v2\/comments?post=12322"}],"version-history":[{"count":3,"href":"https:\/\/bgcgm.org\/es\/wp-json\/wp\/v2\/pages\/12322\/revisions"}],"predecessor-version":[{"id":14968,"href":"https:\/\/bgcgm.org\/es\/wp-json\/wp\/v2\/pages\/12322\/revisions\/14968"}],"up":[{"embeddable":true,"href":"https:\/\/bgcgm.org\/es\/wp-json\/wp\/v2\/pages\/12327"}],"wp:attachment":[{"href":"https:\/\/bgcgm.org\/es\/wp-json\/wp\/v2\/media?parent=12322"}],"curies":[{"name":"wp","href":"https:\/\/api.w.org\/{rel}","templated":true}]}}