{"id":12187,"date":"2022-07-06T17:38:42","date_gmt":"2022-07-06T21:38:42","guid":{"rendered":"https:\/\/mbgcnh.org\/campana-anual\/"},"modified":"2025-12-31T10:54:35","modified_gmt":"2025-12-31T14:54:35","slug":"campana-anual","status":"publish","type":"page","link":"https:\/\/bgcgm.org\/es\/apoya-al-club\/campana-anual\/","title":{"rendered":"Annual Campaign"},"content":{"rendered":"\t\t<div data-elementor-type=\"wp-page\" data-elementor-id=\"12187\" class=\"elementor elementor-12187 elementor-4882\" data-elementor-post-type=\"page\">\n\t\t\t\t\t\t<section class=\"elementor-section elementor-top-section elementor-element elementor-element-4e2a24e elementor-section-height-min-height elementor-section-boxed elementor-section-height-default elementor-section-items-middle\" data-id=\"4e2a24e\" data-element_type=\"section\" data-e-type=\"section\" data-settings=\"{&quot;background_background&quot;:&quot;classic&quot;,&quot;shape_divider_bottom&quot;:&quot;mountains&quot;}\">\n\t\t\t\t\t\t\t<div class=\"elementor-background-overlay\"><\/div>\n\t\t\t\t\t\t<div class=\"elementor-shape elementor-shape-bottom\" aria-hidden=\"true\" data-negative=\"false\">\n\t\t\t<svg xmlns=\"http:\/\/www.w3.org\/2000\/svg\" viewBox=\"0 0 1000 100\" preserveAspectRatio=\"none\">\n\t<path class=\"elementor-shape-fill\" opacity=\"0.33\" d=\"M473,67.3c-203.9,88.3-263.1-34-320.3,0C66,119.1,0,59.7,0,59.7V0h1000v59.7 c0,0-62.1,26.1-94.9,29.3c-32.8,3.3-62.8-12.3-75.8-22.1C806,49.6,745.3,8.7,694.9,4.7S492.4,59,473,67.3z\"\/>\n\t<path class=\"elementor-shape-fill\" opacity=\"0.66\" d=\"M734,67.3c-45.5,0-77.2-23.2-129.1-39.1c-28.6-8.7-150.3-10.1-254,39.1 s-91.7-34.4-149.2,0C115.7,118.3,0,39.8,0,39.8V0h1000v36.5c0,0-28.2-18.5-92.1-18.5C810.2,18.1,775.7,67.3,734,67.3z\"\/>\n\t<path class=\"elementor-shape-fill\" d=\"M766.1,28.9c-200-57.5-266,65.5-395.1,19.5C242,1.8,242,5.4,184.8,20.6C128,35.8,132.3,44.9,89.9,52.5C28.6,63.7,0,0,0,0 h1000c0,0-9.9,40.9-83.6,48.1S829.6,47,766.1,28.9z\"\/>\n<\/svg>\t\t<\/div>\n\t\t\t\t\t<div class=\"elementor-container elementor-column-gap-default\">\n\t\t\t\t\t<div class=\"elementor-column elementor-col-100 elementor-top-column elementor-element elementor-element-c0695e6\" data-id=\"c0695e6\" data-element_type=\"column\" data-e-type=\"column\">\n\t\t\t<div class=\"elementor-widget-wrap elementor-element-populated\">\n\t\t\t\t\t\t<div class=\"elementor-element elementor-element-6515e0d elementor-widget elementor-widget-heading\" data-id=\"6515e0d\" data-element_type=\"widget\" data-e-type=\"widget\" data-widget_type=\"heading.default\">\n\t\t\t\t<div class=\"elementor-widget-container\">\n\t\t\t\t\t<h2 class=\"elementor-heading-title elementor-size-default\">Fundaci\u00f3n de Amigos<br>Campa\u00f1a Anual<\/h2>\t\t\t\t<\/div>\n\t\t\t\t<\/div>\n\t\t\t\t\t<\/div>\n\t\t<\/div>\n\t\t\t\t\t<\/div>\n\t\t<\/section>\n\t\t\t\t<section class=\"elementor-section elementor-top-section elementor-element elementor-element-5f54563 elementor-section-boxed elementor-section-height-default elementor-section-height-default\" data-id=\"5f54563\" data-element_type=\"section\" data-e-type=\"section\">\n\t\t\t\t\t\t<div class=\"elementor-container elementor-column-gap-default\">\n\t\t\t\t\t<div class=\"elementor-column elementor-col-50 elementor-top-column elementor-element elementor-element-78f7d85\" data-id=\"78f7d85\" data-element_type=\"column\" data-e-type=\"column\">\n\t\t\t<div class=\"elementor-widget-wrap elementor-element-populated\">\n\t\t\t\t\t\t<div class=\"elementor-element elementor-element-4224d51 elementor-widget elementor-widget-text-editor\" data-id=\"4224d51\" data-element_type=\"widget\" data-e-type=\"widget\" data-widget_type=\"text-editor.default\">\n\t\t\t\t<div class=\"elementor-widget-container\">\n\t\t\t\t\t\t\t\t\t<p>\u00bfQuieres marcar una diferencia duradera para la juventud de Manchester? Desde 2003, nuestro Desayuno Anual de la Fundaci\u00f3n de Amigos ha reunido a la comunidad para invertir en los j\u00f3venes de Manchester.&nbsp;<span style=\"letter-spacing: 0px;\">Los fondos recaudados financian nuestro presupuesto general de funcionamiento, lo <\/span>que nos permite seguir proporcionando espacios seguros, programas significativos y apoyo que cambia la vida de<span style=\"letter-spacing: 0px;\"> quienes m\u00e1s lo necesitan.<\/span><\/p>\n\t\t\t\t\t\t\t\t<\/div>\n\t\t\t\t<\/div>\n\t\t\t\t<div class=\"elementor-element elementor-element-eefbd2b elementor-align-center elementor-widget elementor-widget-button\" data-id=\"eefbd2b\" data-element_type=\"widget\" data-e-type=\"widget\" data-widget_type=\"button.default\">\n\t\t\t\t<div class=\"elementor-widget-container\">\n\t\t\t\t\t\t\t\t\t<div class=\"elementor-button-wrapper\">\n\t\t\t\t\t<a class=\"elementor-button elementor-button-link elementor-size-sm\" href=\"https:\/\/bgcgm.org\/wp-content\/uploads\/2025\/12\/2025-Foundation-of-Friends-Breakfast_Pledge-Form_General_Blank_Rev.-2.4.25.pdf\" target=\"_blank\">\n\t\t\t\t\t\t<span class=\"elementor-button-content-wrapper\">\n\t\t\t\t\t\t\t\t\t<span class=\"elementor-button-text\">Formulario de Compromiso de la Campa\u00f1a Anual<\/span>\n\t\t\t\t\t<\/span>\n\t\t\t\t\t<\/a>\n\t\t\t\t<\/div>\n\t\t\t\t\t\t\t\t<\/div>\n\t\t\t\t<\/div>\n\t\t\t\t<div class=\"elementor-element elementor-element-614ebc7 elementor-align-center elementor-widget elementor-widget-button\" data-id=\"614ebc7\" data-element_type=\"widget\" data-e-type=\"widget\" data-widget_type=\"button.default\">\n\t\t\t\t<div class=\"elementor-widget-container\">\n\t\t\t\t\t\t\t\t\t<div class=\"elementor-button-wrapper\">\n\t\t\t\t\t<a class=\"elementor-button elementor-button-link elementor-size-sm\" href=\"https:\/\/bgcgm.org\/es\/dona\/\" target=\"_blank\">\n\t\t\t\t\t\t<span class=\"elementor-button-content-wrapper\">\n\t\t\t\t\t\t\t\t\t<span class=\"elementor-button-text\">Haz un donativo online<\/span>\n\t\t\t\t\t<\/span>\n\t\t\t\t\t<\/a>\n\t\t\t\t<\/div>\n\t\t\t\t\t\t\t\t<\/div>\n\t\t\t\t<\/div>\n\t\t\t\t\t<\/div>\n\t\t<\/div>\n\t\t\t\t<div class=\"elementor-column elementor-col-50 elementor-top-column elementor-element elementor-element-8c6d3d2\" data-id=\"8c6d3d2\" data-element_type=\"column\" data-e-type=\"column\">\n\t\t\t<div class=\"elementor-widget-wrap elementor-element-populated\">\n\t\t\t\t\t\t<div class=\"elementor-element elementor-element-1d66a90 elementor-absolute elementor-widget elementor-widget-image\" data-id=\"1d66a90\" data-element_type=\"widget\" data-e-type=\"widget\" data-settings=\"{&quot;_position&quot;:&quot;absolute&quot;}\" data-widget_type=\"image.default\">\n\t\t\t\t<div class=\"elementor-widget-container\">\n\t\t\t\t\t\t\t\t\t\t\t\t\t\t\t<img fetchpriority=\"high\" decoding=\"async\" width=\"800\" height=\"600\" src=\"https:\/\/www.bgcgm.org\/wp-content\/uploads\/2025\/06\/4.23.25_Foundation-of-Friends-Breakfast-6-1024x768.jpg\" class=\"attachment-large size-large wp-image-14874\" alt=\"\" srcset=\"https:\/\/www.bgcgm.org\/wp-content\/uploads\/2025\/06\/4.23.25_Foundation-of-Friends-Breakfast-6-1024x768.jpg 1024w, https:\/\/www.bgcgm.org\/wp-content\/uploads\/2025\/06\/4.23.25_Foundation-of-Friends-Breakfast-6-300x225.jpg 300w, https:\/\/www.bgcgm.org\/wp-content\/uploads\/2025\/06\/4.23.25_Foundation-of-Friends-Breakfast-6-768x576.jpg 768w, https:\/\/www.bgcgm.org\/wp-content\/uploads\/2025\/06\/4.23.25_Foundation-of-Friends-Breakfast-6-1536x1152.jpg 1536w, https:\/\/www.bgcgm.org\/wp-content\/uploads\/2025\/06\/4.23.25_Foundation-of-Friends-Breakfast-6-2048x1536.jpg 2048w\" sizes=\"(max-width: 800px) 100vw, 800px\" \/>\t\t\t\t\t\t\t\t\t\t\t\t\t\t\t<\/div>\n\t\t\t\t<\/div>\n\t\t\t\t\t<\/div>\n\t\t<\/div>\n\t\t\t\t\t<\/div>\n\t\t<\/section>\n\t\t\t\t<section class=\"elementor-section elementor-top-section elementor-element elementor-element-9f79411 elementor-section-boxed elementor-section-height-default elementor-section-height-default\" data-id=\"9f79411\" data-element_type=\"section\" data-e-type=\"section\" data-settings=\"{&quot;background_background&quot;:&quot;gradient&quot;}\">\n\t\t\t\t\t\t<div class=\"elementor-container elementor-column-gap-default\">\n\t\t\t\t\t<div class=\"elementor-column elementor-col-100 elementor-top-column elementor-element elementor-element-cfb3f62\" data-id=\"cfb3f62\" data-element_type=\"column\" data-e-type=\"column\">\n\t\t\t<div class=\"elementor-widget-wrap\">\n\t\t\t\t\t\t\t<\/div>\n\t\t<\/div>\n\t\t\t\t\t<\/div>\n\t\t<\/section>\n\t\t\t\t<\/div>\n\t\t","protected":false},"excerpt":{"rendered":"<p>Fundaci\u00f3n de AmigosCampa\u00f1a Anual \u00bfQuieres marcar una diferencia duradera para la juventud de Manchester? Desde 2003, nuestro Desayuno Anual de la Fundaci\u00f3n de Amigos ha reunido a la comunidad para invertir en los j\u00f3venes de Manchester.&nbsp;Los fondos recaudados financian nuestro presupuesto general de funcionamiento, lo que nos permite seguir proporcionando espacios seguros, programas significativos y [&hellip;]<\/p>\n","protected":false},"author":1,"featured_media":0,"parent":12548,"menu_order":0,"comment_status":"closed","ping_status":"closed","template":"elementor_header_footer","meta":{"footnotes":""},"class_list":["post-12187","page","type-page","status-publish","hentry"],"yoast_head":"<!-- This site is optimized with the Yoast SEO plugin v27.2 - https:\/\/yoast.com\/product\/yoast-seo-wordpress\/ -->\n<title>Campa\u00f1a Anual | Boys &amp; Girls Clubs of Greater Manchester<\/title>\n<meta name=\"description\" content=\"Apoya la Campa\u00f1a Anual de BGCGM para proporcionar a ni\u00f1os y familias espacios seguros, mentores afectuosos y oportunidades que cambien sus vidas durante todo el a\u00f1o.\" \/>\n<meta name=\"robots\" content=\"index, follow, max-snippet:-1, max-image-preview:large, max-video-preview:-1\" \/>\n<link rel=\"canonical\" href=\"https:\/\/bgcgm.org\/es\/apoya-al-club\/campana-anual\/\" \/>\n<meta property=\"og:locale\" content=\"es_ES\" \/>\n<meta property=\"og:type\" content=\"article\" \/>\n<meta property=\"og:title\" content=\"Campa\u00f1a Anual | Boys &amp; Girls Clubs of Greater Manchester\" \/>\n<meta property=\"og:description\" content=\"Apoya la Campa\u00f1a Anual de BGCGM para proporcionar a ni\u00f1os y familias espacios seguros, mentores afectuosos y oportunidades que cambien sus vidas durante todo el a\u00f1o.\" \/>\n<meta property=\"og:url\" content=\"https:\/\/bgcgm.org\/es\/apoya-al-club\/campana-anual\/\" \/>\n<meta property=\"og:site_name\" content=\"Boys &amp; Girls Clubs of Greater Manchester\" \/>\n<meta property=\"article:modified_time\" content=\"2025-12-31T14:54:35+00:00\" \/>\n<meta property=\"og:image\" content=\"https:\/\/bgcgm.org\/wp-content\/uploads\/2025\/06\/4.23.25_Foundation-of-Friends-Breakfast-6-scaled.jpg\" \/>\n\t<meta property=\"og:image:width\" content=\"2560\" \/>\n\t<meta property=\"og:image:height\" content=\"1920\" \/>\n\t<meta property=\"og:image:type\" content=\"image\/jpeg\" \/>\n<meta name=\"twitter:card\" content=\"summary_large_image\" \/>\n<script type=\"application\/ld+json\" class=\"yoast-schema-graph\">{\"@context\":\"https:\/\/schema.org\",\"@graph\":[{\"@type\":\"WebPage\",\"@id\":\"https:\/\/bgcgm.org\/es\/apoya-al-club\/campana-anual\/\",\"url\":\"https:\/\/bgcgm.org\/es\/apoya-al-club\/campana-anual\/\",\"name\":\"Campa\u00f1a Anual | Boys & Girls Clubs of Greater Manchester\",\"isPartOf\":{\"@id\":\"https:\/\/bgcgm.org\/es\/#website\"},\"primaryImageOfPage\":{\"@id\":\"https:\/\/bgcgm.org\/es\/apoya-al-club\/campana-anual\/#primaryimage\"},\"image\":{\"@id\":\"https:\/\/bgcgm.org\/es\/apoya-al-club\/campana-anual\/#primaryimage\"},\"thumbnailUrl\":\"https:\/\/bgcgm.org\/wp-content\/uploads\/2025\/06\/4.23.25_Foundation-of-Friends-Breakfast-6-1024x768.jpg\",\"datePublished\":\"2022-07-06T21:38:42+00:00\",\"dateModified\":\"2025-12-31T14:54:35+00:00\",\"description\":\"Apoya la Campa\u00f1a Anual de BGCGM para proporcionar a ni\u00f1os y familias espacios seguros, mentores afectuosos y oportunidades que cambien sus vidas durante todo el a\u00f1o.\",\"breadcrumb\":{\"@id\":\"https:\/\/bgcgm.org\/es\/apoya-al-club\/campana-anual\/#breadcrumb\"},\"inLanguage\":\"es\",\"potentialAction\":[{\"@type\":\"ReadAction\",\"target\":[\"https:\/\/bgcgm.org\/es\/apoya-al-club\/campana-anual\/\"]}]},{\"@type\":\"ImageObject\",\"inLanguage\":\"es\",\"@id\":\"https:\/\/bgcgm.org\/es\/apoya-al-club\/campana-anual\/#primaryimage\",\"url\":\"https:\/\/bgcgm.org\/wp-content\/uploads\/2025\/06\/4.23.25_Foundation-of-Friends-Breakfast-6-1024x768.jpg\",\"contentUrl\":\"https:\/\/bgcgm.org\/wp-content\/uploads\/2025\/06\/4.23.25_Foundation-of-Friends-Breakfast-6-1024x768.jpg\"},{\"@type\":\"BreadcrumbList\",\"@id\":\"https:\/\/bgcgm.org\/es\/apoya-al-club\/campana-anual\/#breadcrumb\",\"itemListElement\":[{\"@type\":\"ListItem\",\"position\":1,\"name\":\"Home\",\"item\":\"https:\/\/bgcgm.org\/es\/inicio\/\"},{\"@type\":\"ListItem\",\"position\":2,\"name\":\"Apoya al Club\",\"item\":\"https:\/\/bgcgm.org\/es\/apoya-al-club\/\"},{\"@type\":\"ListItem\",\"position\":3,\"name\":\"Annual Campaign\"}]},{\"@type\":\"WebSite\",\"@id\":\"https:\/\/bgcgm.org\/es\/#website\",\"url\":\"https:\/\/bgcgm.org\/es\/\",\"name\":\"Boys &amp; Girls Clubs of Greater Manchester\",\"description\":\"Boys &amp; Girls Clubs of Greater Manchester\",\"publisher\":{\"@id\":\"https:\/\/bgcgm.org\/es\/#organization\"},\"potentialAction\":[{\"@type\":\"SearchAction\",\"target\":{\"@type\":\"EntryPoint\",\"urlTemplate\":\"https:\/\/bgcgm.org\/es\/?s={search_term_string}\"},\"query-input\":{\"@type\":\"PropertyValueSpecification\",\"valueRequired\":true,\"valueName\":\"search_term_string\"}}],\"inLanguage\":\"es\"},{\"@type\":\"Organization\",\"@id\":\"https:\/\/bgcgm.org\/es\/#organization\",\"name\":\"Boys &amp; Girls Clubs of Greater Manchester\",\"url\":\"https:\/\/bgcgm.org\/es\/\",\"logo\":{\"@type\":\"ImageObject\",\"inLanguage\":\"es\",\"@id\":\"https:\/\/bgcgm.org\/es\/#\/schema\/logo\/image\/\",\"url\":\"https:\/\/bgcgm.org\/wp-content\/uploads\/2022\/04\/BGCGM-CLUBS-Logo-Color-Centered.png\",\"contentUrl\":\"https:\/\/bgcgm.org\/wp-content\/uploads\/2022\/04\/BGCGM-CLUBS-Logo-Color-Centered.png\",\"width\":19227,\"height\":10302,\"caption\":\"Boys &amp; Girls Clubs of Greater Manchester\"},\"image\":{\"@id\":\"https:\/\/bgcgm.org\/es\/#\/schema\/logo\/image\/\"}}]}<\/script>\n<!-- \/ Yoast SEO plugin. -->","yoast_head_json":{"title":"Campa\u00f1a Anual | Boys & Girls Clubs of Greater Manchester","description":"Apoya la Campa\u00f1a Anual de BGCGM para proporcionar a ni\u00f1os y familias espacios seguros, mentores afectuosos y oportunidades que cambien sus vidas durante todo el a\u00f1o.","robots":{"index":"index","follow":"follow","max-snippet":"max-snippet:-1","max-image-preview":"max-image-preview:large","max-video-preview":"max-video-preview:-1"},"canonical":"https:\/\/bgcgm.org\/es\/apoya-al-club\/campana-anual\/","og_locale":"es_ES","og_type":"article","og_title":"Campa\u00f1a Anual | Boys & Girls Clubs of Greater Manchester","og_description":"Apoya la Campa\u00f1a Anual de BGCGM para proporcionar a ni\u00f1os y familias espacios seguros, mentores afectuosos y oportunidades que cambien sus vidas durante todo el a\u00f1o.","og_url":"https:\/\/bgcgm.org\/es\/apoya-al-club\/campana-anual\/","og_site_name":"Boys &amp; Girls Clubs of Greater Manchester","article_modified_time":"2025-12-31T14:54:35+00:00","og_image":[{"width":2560,"height":1920,"url":"https:\/\/bgcgm.org\/wp-content\/uploads\/2025\/06\/4.23.25_Foundation-of-Friends-Breakfast-6-scaled.jpg","type":"image\/jpeg"}],"twitter_card":"summary_large_image","schema":{"@context":"https:\/\/schema.org","@graph":[{"@type":"WebPage","@id":"https:\/\/bgcgm.org\/es\/apoya-al-club\/campana-anual\/","url":"https:\/\/bgcgm.org\/es\/apoya-al-club\/campana-anual\/","name":"Campa\u00f1a Anual | Boys & Girls Clubs of Greater Manchester","isPartOf":{"@id":"https:\/\/bgcgm.org\/es\/#website"},"primaryImageOfPage":{"@id":"https:\/\/bgcgm.org\/es\/apoya-al-club\/campana-anual\/#primaryimage"},"image":{"@id":"https:\/\/bgcgm.org\/es\/apoya-al-club\/campana-anual\/#primaryimage"},"thumbnailUrl":"https:\/\/bgcgm.org\/wp-content\/uploads\/2025\/06\/4.23.25_Foundation-of-Friends-Breakfast-6-1024x768.jpg","datePublished":"2022-07-06T21:38:42+00:00","dateModified":"2025-12-31T14:54:35+00:00","description":"Apoya la Campa\u00f1a Anual de BGCGM para proporcionar a ni\u00f1os y familias espacios seguros, mentores afectuosos y oportunidades que cambien sus vidas durante todo el a\u00f1o.","breadcrumb":{"@id":"https:\/\/bgcgm.org\/es\/apoya-al-club\/campana-anual\/#breadcrumb"},"inLanguage":"es","potentialAction":[{"@type":"ReadAction","target":["https:\/\/bgcgm.org\/es\/apoya-al-club\/campana-anual\/"]}]},{"@type":"ImageObject","inLanguage":"es","@id":"https:\/\/bgcgm.org\/es\/apoya-al-club\/campana-anual\/#primaryimage","url":"https:\/\/bgcgm.org\/wp-content\/uploads\/2025\/06\/4.23.25_Foundation-of-Friends-Breakfast-6-1024x768.jpg","contentUrl":"https:\/\/bgcgm.org\/wp-content\/uploads\/2025\/06\/4.23.25_Foundation-of-Friends-Breakfast-6-1024x768.jpg"},{"@type":"BreadcrumbList","@id":"https:\/\/bgcgm.org\/es\/apoya-al-club\/campana-anual\/#breadcrumb","itemListElement":[{"@type":"ListItem","position":1,"name":"Home","item":"https:\/\/bgcgm.org\/es\/inicio\/"},{"@type":"ListItem","position":2,"name":"Apoya al Club","item":"https:\/\/bgcgm.org\/es\/apoya-al-club\/"},{"@type":"ListItem","position":3,"name":"Annual Campaign"}]},{"@type":"WebSite","@id":"https:\/\/bgcgm.org\/es\/#website","url":"https:\/\/bgcgm.org\/es\/","name":"Boys &amp; Girls Clubs of Greater Manchester","description":"Boys &amp; Girls Clubs of Greater Manchester","publisher":{"@id":"https:\/\/bgcgm.org\/es\/#organization"},"potentialAction":[{"@type":"SearchAction","target":{"@type":"EntryPoint","urlTemplate":"https:\/\/bgcgm.org\/es\/?s={search_term_string}"},"query-input":{"@type":"PropertyValueSpecification","valueRequired":true,"valueName":"search_term_string"}}],"inLanguage":"es"},{"@type":"Organization","@id":"https:\/\/bgcgm.org\/es\/#organization","name":"Boys &amp; Girls Clubs of Greater Manchester","url":"https:\/\/bgcgm.org\/es\/","logo":{"@type":"ImageObject","inLanguage":"es","@id":"https:\/\/bgcgm.org\/es\/#\/schema\/logo\/image\/","url":"https:\/\/bgcgm.org\/wp-content\/uploads\/2022\/04\/BGCGM-CLUBS-Logo-Color-Centered.png","contentUrl":"https:\/\/bgcgm.org\/wp-content\/uploads\/2022\/04\/BGCGM-CLUBS-Logo-Color-Centered.png","width":19227,"height":10302,"caption":"Boys &amp; Girls Clubs of Greater Manchester"},"image":{"@id":"https:\/\/bgcgm.org\/es\/#\/schema\/logo\/image\/"}}]}},"_links":{"self":[{"href":"https:\/\/bgcgm.org\/es\/wp-json\/wp\/v2\/pages\/12187","targetHints":{"allow":["GET"]}}],"collection":[{"href":"https:\/\/bgcgm.org\/es\/wp-json\/wp\/v2\/pages"}],"about":[{"href":"https:\/\/bgcgm.org\/es\/wp-json\/wp\/v2\/types\/page"}],"author":[{"embeddable":true,"href":"https:\/\/bgcgm.org\/es\/wp-json\/wp\/v2\/users\/1"}],"replies":[{"embeddable":true,"href":"https:\/\/bgcgm.org\/es\/wp-json\/wp\/v2\/comments?post=12187"}],"version-history":[{"count":7,"href":"https:\/\/bgcgm.org\/es\/wp-json\/wp\/v2\/pages\/12187\/revisions"}],"predecessor-version":[{"id":15713,"href":"https:\/\/bgcgm.org\/es\/wp-json\/wp\/v2\/pages\/12187\/revisions\/15713"}],"up":[{"embeddable":true,"href":"https:\/\/bgcgm.org\/es\/wp-json\/wp\/v2\/pages\/12548"}],"wp:attachment":[{"href":"https:\/\/bgcgm.org\/es\/wp-json\/wp\/v2\/media?parent=12187"}],"curies":[{"name":"wp","href":"https:\/\/api.w.org\/{rel}","templated":true}]}}