{"id":12161,"date":"2022-06-20T18:18:31","date_gmt":"2022-06-20T22:18:31","guid":{"rendered":"https:\/\/mbgcnh.org\/salon-de-la-fama-anual\/"},"modified":"2025-10-01T15:04:43","modified_gmt":"2025-10-01T19:04:43","slug":"salon-de-la-fama-anual","status":"publish","type":"page","link":"https:\/\/bgcgm.org\/es\/news-events\/salon-de-la-fama-anual\/","title":{"rendered":"Sal\u00f3n de la Fama Anual"},"content":{"rendered":"\t\t<div data-elementor-type=\"wp-page\" data-elementor-id=\"12161\" class=\"elementor elementor-12161 elementor-3051\" data-elementor-post-type=\"page\">\n\t\t\t\t\t\t<section class=\"elementor-section elementor-top-section elementor-element elementor-element-43bc1fa0 elementor-section-height-min-height elementor-section-boxed elementor-section-height-default elementor-section-items-middle\" data-id=\"43bc1fa0\" data-element_type=\"section\" data-e-type=\"section\" data-settings=\"{&quot;background_background&quot;:&quot;video&quot;,&quot;shape_divider_bottom&quot;:&quot;mountains&quot;,&quot;background_video_link&quot;:&quot;https:\\\/\\\/bgcgm.org\\\/wp-content\\\/uploads\\\/2022\\\/06\\\/colors-back.mp4&quot;}\">\n\t\t\t\t\t\t\t\t<div class=\"elementor-background-video-container elementor-hidden-mobile\">\n\t\t\t\t\t\t\t\t\t\t\t\t\t<video class=\"elementor-background-video-hosted\" role=\"presentation\" autoplay muted playsinline loop><\/video>\n\t\t\t\t\t\t\t\t\t\t\t<\/div>\n\t\t\t\t\t\t\t\t\t<div class=\"elementor-background-overlay\"><\/div>\n\t\t\t\t\t\t<div class=\"elementor-shape elementor-shape-bottom\" aria-hidden=\"true\" data-negative=\"false\">\n\t\t\t<svg xmlns=\"http:\/\/www.w3.org\/2000\/svg\" viewBox=\"0 0 1000 100\" preserveAspectRatio=\"none\">\n\t<path class=\"elementor-shape-fill\" opacity=\"0.33\" d=\"M473,67.3c-203.9,88.3-263.1-34-320.3,0C66,119.1,0,59.7,0,59.7V0h1000v59.7 c0,0-62.1,26.1-94.9,29.3c-32.8,3.3-62.8-12.3-75.8-22.1C806,49.6,745.3,8.7,694.9,4.7S492.4,59,473,67.3z\"\/>\n\t<path class=\"elementor-shape-fill\" opacity=\"0.66\" d=\"M734,67.3c-45.5,0-77.2-23.2-129.1-39.1c-28.6-8.7-150.3-10.1-254,39.1 s-91.7-34.4-149.2,0C115.7,118.3,0,39.8,0,39.8V0h1000v36.5c0,0-28.2-18.5-92.1-18.5C810.2,18.1,775.7,67.3,734,67.3z\"\/>\n\t<path class=\"elementor-shape-fill\" d=\"M766.1,28.9c-200-57.5-266,65.5-395.1,19.5C242,1.8,242,5.4,184.8,20.6C128,35.8,132.3,44.9,89.9,52.5C28.6,63.7,0,0,0,0 h1000c0,0-9.9,40.9-83.6,48.1S829.6,47,766.1,28.9z\"\/>\n<\/svg>\t\t<\/div>\n\t\t\t\t\t<div class=\"elementor-container elementor-column-gap-no\">\n\t\t\t\t\t<div class=\"elementor-column elementor-col-100 elementor-top-column elementor-element elementor-element-7facc81e\" data-id=\"7facc81e\" data-element_type=\"column\" data-e-type=\"column\">\n\t\t\t<div class=\"elementor-widget-wrap elementor-element-populated\">\n\t\t\t\t\t\t<div class=\"elementor-element elementor-element-04245c2 elementor-widget elementor-widget-image\" data-id=\"04245c2\" data-element_type=\"widget\" data-e-type=\"widget\" data-widget_type=\"image.default\">\n\t\t\t\t<div class=\"elementor-widget-container\">\n\t\t\t\t\t\t\t\t\t\t\t\t\t\t\t<img fetchpriority=\"high\" decoding=\"async\" width=\"19917\" height=\"4340\" src=\"https:\/\/bgcgm.org\/wp-content\/uploads\/2022\/04\/BGCGM-CLUBS-Logo-White-Left.png\" class=\"attachment-full size-full wp-image-13593\" alt=\"\" srcset=\"https:\/\/bgcgm.org\/wp-content\/uploads\/2022\/04\/BGCGM-CLUBS-Logo-White-Left.png 19917w, https:\/\/bgcgm.org\/wp-content\/uploads\/2022\/04\/BGCGM-CLUBS-Logo-White-Left-300x65.png 300w, https:\/\/bgcgm.org\/wp-content\/uploads\/2022\/04\/BGCGM-CLUBS-Logo-White-Left-1024x223.png 1024w, https:\/\/bgcgm.org\/wp-content\/uploads\/2022\/04\/BGCGM-CLUBS-Logo-White-Left-768x167.png 768w, https:\/\/bgcgm.org\/wp-content\/uploads\/2022\/04\/BGCGM-CLUBS-Logo-White-Left-1536x335.png 1536w, https:\/\/bgcgm.org\/wp-content\/uploads\/2022\/04\/BGCGM-CLUBS-Logo-White-Left-2048x446.png 2048w\" sizes=\"(max-width: 19917px) 100vw, 19917px\" \/>\t\t\t\t\t\t\t\t\t\t\t\t\t\t\t<\/div>\n\t\t\t\t<\/div>\n\t\t\t\t<div class=\"elementor-element elementor-element-32c06d24 elementor-widget elementor-widget-heading\" data-id=\"32c06d24\" data-element_type=\"widget\" data-e-type=\"widget\" data-widget_type=\"heading.default\">\n\t\t\t\t<div class=\"elementor-widget-container\">\n\t\t\t\t\t<h1 class=\"elementor-heading-title elementor-size-default\">Sal\u00f3n de la Fama Anual<\/h1>\t\t\t\t<\/div>\n\t\t\t\t<\/div>\n\t\t\t\t\t<\/div>\n\t\t<\/div>\n\t\t\t\t\t<\/div>\n\t\t<\/section>\n\t\t\t\t<section class=\"elementor-section elementor-inner-section elementor-element elementor-element-735281b5 elementor-reverse-tablet elementor-reverse-mobile elementor-section-boxed elementor-section-height-default elementor-section-height-default\" data-id=\"735281b5\" data-element_type=\"section\" data-e-type=\"section\" data-settings=\"{&quot;shape_divider_top&quot;:&quot;mountains&quot;}\">\n\t\t\t\t\t<div class=\"elementor-shape elementor-shape-top\" aria-hidden=\"true\" data-negative=\"false\">\n\t\t\t<svg xmlns=\"http:\/\/www.w3.org\/2000\/svg\" viewBox=\"0 0 1000 100\" preserveAspectRatio=\"none\">\n\t<path class=\"elementor-shape-fill\" opacity=\"0.33\" d=\"M473,67.3c-203.9,88.3-263.1-34-320.3,0C66,119.1,0,59.7,0,59.7V0h1000v59.7 c0,0-62.1,26.1-94.9,29.3c-32.8,3.3-62.8-12.3-75.8-22.1C806,49.6,745.3,8.7,694.9,4.7S492.4,59,473,67.3z\"\/>\n\t<path class=\"elementor-shape-fill\" opacity=\"0.66\" d=\"M734,67.3c-45.5,0-77.2-23.2-129.1-39.1c-28.6-8.7-150.3-10.1-254,39.1 s-91.7-34.4-149.2,0C115.7,118.3,0,39.8,0,39.8V0h1000v36.5c0,0-28.2-18.5-92.1-18.5C810.2,18.1,775.7,67.3,734,67.3z\"\/>\n\t<path class=\"elementor-shape-fill\" d=\"M766.1,28.9c-200-57.5-266,65.5-395.1,19.5C242,1.8,242,5.4,184.8,20.6C128,35.8,132.3,44.9,89.9,52.5C28.6,63.7,0,0,0,0 h1000c0,0-9.9,40.9-83.6,48.1S829.6,47,766.1,28.9z\"\/>\n<\/svg>\t\t<\/div>\n\t\t\t\t\t<div class=\"elementor-container elementor-column-gap-no\">\n\t\t\t\t\t<div class=\"elementor-column elementor-col-100 elementor-inner-column elementor-element elementor-element-6fe35909\" data-id=\"6fe35909\" data-element_type=\"column\" data-e-type=\"column\">\n\t\t\t<div class=\"elementor-widget-wrap elementor-element-populated\">\n\t\t\t\t\t\t<div class=\"elementor-element elementor-element-eb02d49 elementor-widget elementor-widget-image\" data-id=\"eb02d49\" data-element_type=\"widget\" data-e-type=\"widget\" data-widget_type=\"image.default\">\n\t\t\t\t<div class=\"elementor-widget-container\">\n\t\t\t\t\t\t\t\t\t\t\t\t\t\t\t<img decoding=\"async\" src=\"https:\/\/bgcgm.org\/wp-content\/uploads\/2025\/10\/2025-HOF_Website_Social.png\" title=\"\" alt=\"\" loading=\"lazy\" \/>\t\t\t\t\t\t\t\t\t\t\t\t\t\t\t<\/div>\n\t\t\t\t<\/div>\n\t\t\t\t\t<\/div>\n\t\t<\/div>\n\t\t\t\t\t<\/div>\n\t\t<\/section>\n\t\t\t\t<section class=\"elementor-section elementor-top-section elementor-element elementor-element-278fe30d elementor-section-content-middle elementor-section-boxed elementor-section-height-default elementor-section-height-default\" data-id=\"278fe30d\" data-element_type=\"section\" data-e-type=\"section\" data-settings=\"{&quot;background_background&quot;:&quot;classic&quot;}\">\n\t\t\t\t\t\t<div class=\"elementor-container elementor-column-gap-no\">\n\t\t\t\t\t<div class=\"elementor-column elementor-col-100 elementor-top-column elementor-element elementor-element-13bc6c3c\" data-id=\"13bc6c3c\" data-element_type=\"column\" data-e-type=\"column\" data-settings=\"{&quot;background_background&quot;:&quot;classic&quot;}\">\n\t\t\t<div class=\"elementor-widget-wrap elementor-element-populated\">\n\t\t\t\t\t<div class=\"elementor-background-overlay\"><\/div>\n\t\t\t\t\t\t<div class=\"elementor-element elementor-element-303a7a20 elementor-widget elementor-widget-heading\" data-id=\"303a7a20\" data-element_type=\"widget\" data-e-type=\"widget\" data-widget_type=\"heading.default\">\n\t\t\t\t<div class=\"elementor-widget-container\">\n\t\t\t\t\t<h3 class=\"elementor-heading-title elementor-size-default\">Historia, crecimiento y desarrollo  <\/h3>\t\t\t\t<\/div>\n\t\t\t\t<\/div>\n\t\t\t\t<div class=\"elementor-element elementor-element-52d9782d elementor-widget elementor-widget-text-editor\" data-id=\"52d9782d\" data-element_type=\"widget\" data-e-type=\"widget\" data-widget_type=\"text-editor.default\">\n\t\t\t\t<div class=\"elementor-widget-container\">\n\t\t\t\t\t\t\t\t\t<p><span class=\"TextRun SCXW91298015 BCX0\" lang=\"EN-US\" xml:lang=\"EN-US\" data-contrast=\"auto\"><span class=\"NormalTextRun SCXW91298015 BCX0\">El evento del Sal\u00f3n de la Fama atrae de 150 a 300 l\u00edderes de la comunidad para homenajear a antiguos alumnos y amigos del Club que representan nuestra misi\u00f3n como personas productivas, responsables y solidarias. Nuestros antiguos alumnos del Club son simpatizantes pasados y presentes del Club que han desempe\u00f1ado un papel vital en su historia, crecimiento y desarrollo. <\/span><span class=\"NormalTextRun SCXW91298015 BCX0\">Antes de la ceremonia de inducci\u00f3n, se celebra la Reuni\u00f3n Anual del Consejo de Administraci\u00f3n para recapitular los aspectos m\u00e1s destacados del pasado a\u00f1o fiscal y compartir nuestra visi\u00f3n de futuro.<\/span><\/span><\/p>\n\t\t\t\t\t\t\t\t<\/div>\n\t\t\t\t<\/div>\n\t\t\t\t\t<\/div>\n\t\t<\/div>\n\t\t\t\t\t<\/div>\n\t\t<\/section>\n\t\t\t\t<section class=\"elementor-section elementor-top-section elementor-element elementor-element-d84136d elementor-section-content-middle elementor-section-boxed elementor-section-height-default elementor-section-height-default\" data-id=\"d84136d\" data-element_type=\"section\" data-e-type=\"section\" data-settings=\"{&quot;background_background&quot;:&quot;classic&quot;}\">\n\t\t\t\t\t\t<div class=\"elementor-container elementor-column-gap-no\">\n\t\t\t\t\t<div class=\"elementor-column elementor-col-100 elementor-top-column elementor-element elementor-element-7563e81\" data-id=\"7563e81\" data-element_type=\"column\" data-e-type=\"column\" data-settings=\"{&quot;background_background&quot;:&quot;classic&quot;}\">\n\t\t\t<div class=\"elementor-widget-wrap elementor-element-populated\">\n\t\t\t\t\t<div class=\"elementor-background-overlay\"><\/div>\n\t\t\t\t\t\t<div class=\"elementor-element elementor-element-33e6af3 elementor-widget elementor-widget-heading\" data-id=\"33e6af3\" data-element_type=\"widget\" data-e-type=\"widget\" data-widget_type=\"heading.default\">\n\t\t\t\t<div class=\"elementor-widget-container\">\n\t\t\t\t\t<h3 class=\"elementor-heading-title elementor-size-default\">Por favor, \u00fanete a nosotros...<\/h3>\t\t\t\t<\/div>\n\t\t\t\t<\/div>\n\t\t\t\t<div class=\"elementor-element elementor-element-7fb15c9 elementor-widget elementor-widget-text-editor\" data-id=\"7fb15c9\" data-element_type=\"widget\" data-e-type=\"widget\" data-widget_type=\"text-editor.default\">\n\t\t\t\t<div class=\"elementor-widget-container\">\n\t\t\t\t\t\t\t\t\t<p>La asistencia a nuestro Evento Anual del Sal\u00f3n de la Fama y a la Reuni\u00f3n de Fideicomisarios es gratuita, pero es necesario que t\u00fa y tus invitados os registr\u00e9is. Rellena el siguiente formulario para confirmar tu asistencia a uno o a ambos actos. <\/p>\n\t\t\t\t\t\t\t\t<\/div>\n\t\t\t\t<\/div>\n\t\t\t\t<div class=\"elementor-element elementor-element-38f0ec1 elementor-widget elementor-widget-html\" data-id=\"38f0ec1\" data-element_type=\"widget\" data-e-type=\"widget\" data-widget_type=\"html.default\">\n\t\t\t\t<div class=\"elementor-widget-container\">\n\t\t\t\t\t<!-- Start form embed -->\n<script src=\"https:\/\/sky.blackbaudcdn.net\/static\/reg-form-loader\/5\/main.js\"><\/script>\n<!-- If you embed multiple forms on your page, only copy one of the <script> lines.\n  Otherwise, multiple copies of the form will appear.\n-->\n<div data-blackbaud-registration-form=\"\" data-blackbaud-registration-form-envid=\"p-YQMqEiDfmk6OmOtEHowRqw\" data-blackbaud-registration-form-id=\"4995a0de-bb84-4a0a-8eb7-4fb1c7eb470d\" data-blackbaud-registration-form-zone=\"usa\" data-blackbaud-registration-form-header-height=\"0\">\n  <!-- If your page has a header\/overlay, then you can set this 'data-blackbaud-registration-form-header-height' value to your header height so that the payment form will scroll to the proper location when opened. -->\n<\/div>\n<!-- End form embed -->\n\t\t\t\t<\/div>\n\t\t\t\t<\/div>\n\t\t\t\t\t<\/div>\n\t\t<\/div>\n\t\t\t\t\t<\/div>\n\t\t<\/section>\n\t\t\t\t<section class=\"elementor-section elementor-top-section elementor-element elementor-element-f3426f6 elementor-section-boxed elementor-section-height-default elementor-section-height-default\" data-id=\"f3426f6\" data-element_type=\"section\" data-e-type=\"section\" data-settings=\"{&quot;background_background&quot;:&quot;classic&quot;}\">\n\t\t\t\t\t\t<div class=\"elementor-container elementor-column-gap-default\">\n\t\t\t\t\t<div class=\"elementor-column elementor-col-100 elementor-top-column elementor-element elementor-element-7c061fd\" data-id=\"7c061fd\" data-element_type=\"column\" data-e-type=\"column\">\n\t\t\t<div class=\"elementor-widget-wrap\">\n\t\t\t\t\t\t\t<\/div>\n\t\t<\/div>\n\t\t\t\t\t<\/div>\n\t\t<\/section>\n\t\t\t\t<\/div>\n\t\t","protected":false},"excerpt":{"rendered":"<p>Sal\u00f3n de la Fama Anual Historia, crecimiento y desarrollo El evento del Sal\u00f3n de la Fama atrae de 150 a 300 l\u00edderes de la comunidad para homenajear a antiguos alumnos y amigos del Club que representan nuestra misi\u00f3n como personas productivas, responsables y solidarias. Nuestros antiguos alumnos del Club son simpatizantes pasados y presentes del [&hellip;]<\/p>\n","protected":false},"author":1,"featured_media":0,"parent":12315,"menu_order":0,"comment_status":"closed","ping_status":"closed","template":"elementor_header_footer","meta":{"footnotes":""},"class_list":["post-12161","page","type-page","status-publish","hentry"],"yoast_head":"<!-- This site is optimized with the Yoast SEO plugin v27.2 - https:\/\/yoast.com\/product\/yoast-seo-wordpress\/ -->\n<title>Sal\u00f3n de la Fama y Reuni\u00f3n Anual del BGCGM<\/title>\n<meta name=\"description\" content=\"Acomp\u00e1\u00f1anos a nuestra Reuni\u00f3n Anual y al acto del Sal\u00f3n de la Fama el 6 de noviembre de 2025. Conoce a los miembros del Club de Ni\u00f1os y Ni\u00f1as del Gran Manchester.\" \/>\n<meta name=\"robots\" content=\"index, follow, max-snippet:-1, max-image-preview:large, max-video-preview:-1\" \/>\n<link rel=\"canonical\" href=\"https:\/\/bgcgm.org\/es\/news-events\/salon-de-la-fama-anual\/\" \/>\n<meta property=\"og:locale\" content=\"es_ES\" \/>\n<meta property=\"og:type\" content=\"article\" \/>\n<meta property=\"og:title\" content=\"Sal\u00f3n de la Fama y Reuni\u00f3n Anual del BGCGM\" \/>\n<meta property=\"og:description\" content=\"Acomp\u00e1\u00f1anos a nuestra Reuni\u00f3n Anual y al acto del Sal\u00f3n de la Fama el 6 de noviembre de 2025. Conoce a los miembros del Club de Ni\u00f1os y Ni\u00f1as del Gran Manchester.\" \/>\n<meta property=\"og:url\" content=\"https:\/\/bgcgm.org\/es\/news-events\/salon-de-la-fama-anual\/\" \/>\n<meta property=\"og:site_name\" content=\"Boys &amp; Girls Clubs of Greater Manchester\" \/>\n<meta property=\"article:modified_time\" content=\"2025-10-01T19:04:43+00:00\" \/>\n<meta property=\"og:image\" content=\"https:\/\/bgcgm.org\/wp-content\/uploads\/2022\/04\/BGCGM-CLUBS-Logo-White-Left.png\" \/>\n\t<meta property=\"og:image:width\" content=\"19917\" \/>\n\t<meta property=\"og:image:height\" content=\"4340\" \/>\n\t<meta property=\"og:image:type\" content=\"image\/png\" \/>\n<meta name=\"twitter:card\" content=\"summary_large_image\" \/>\n<meta name=\"twitter:label1\" content=\"Tiempo de lectura\" \/>\n\t<meta name=\"twitter:data1\" content=\"1 minuto\" \/>\n<script type=\"application\/ld+json\" class=\"yoast-schema-graph\">{\"@context\":\"https:\/\/schema.org\",\"@graph\":[{\"@type\":\"WebPage\",\"@id\":\"https:\/\/bgcgm.org\/es\/news-events\/salon-de-la-fama-anual\/\",\"url\":\"https:\/\/bgcgm.org\/es\/news-events\/salon-de-la-fama-anual\/\",\"name\":\"Sal\u00f3n de la Fama y Reuni\u00f3n Anual del BGCGM\",\"isPartOf\":{\"@id\":\"https:\/\/bgcgm.org\/es\/#website\"},\"primaryImageOfPage\":{\"@id\":\"https:\/\/bgcgm.org\/es\/news-events\/salon-de-la-fama-anual\/#primaryimage\"},\"image\":{\"@id\":\"https:\/\/bgcgm.org\/es\/news-events\/salon-de-la-fama-anual\/#primaryimage\"},\"thumbnailUrl\":\"https:\/\/bgcgm.org\/wp-content\/uploads\/2022\/04\/BGCGM-CLUBS-Logo-White-Left.png\",\"datePublished\":\"2022-06-20T22:18:31+00:00\",\"dateModified\":\"2025-10-01T19:04:43+00:00\",\"description\":\"Acomp\u00e1\u00f1anos a nuestra Reuni\u00f3n Anual y al acto del Sal\u00f3n de la Fama el 6 de noviembre de 2025. Conoce a los miembros del Club de Ni\u00f1os y Ni\u00f1as del Gran Manchester.\",\"breadcrumb\":{\"@id\":\"https:\/\/bgcgm.org\/es\/news-events\/salon-de-la-fama-anual\/#breadcrumb\"},\"inLanguage\":\"es\",\"potentialAction\":[{\"@type\":\"ReadAction\",\"target\":[\"https:\/\/bgcgm.org\/es\/news-events\/salon-de-la-fama-anual\/\"]}]},{\"@type\":\"ImageObject\",\"inLanguage\":\"es\",\"@id\":\"https:\/\/bgcgm.org\/es\/news-events\/salon-de-la-fama-anual\/#primaryimage\",\"url\":\"https:\/\/bgcgm.org\/wp-content\/uploads\/2022\/04\/BGCGM-CLUBS-Logo-White-Left.png\",\"contentUrl\":\"https:\/\/bgcgm.org\/wp-content\/uploads\/2022\/04\/BGCGM-CLUBS-Logo-White-Left.png\"},{\"@type\":\"BreadcrumbList\",\"@id\":\"https:\/\/bgcgm.org\/es\/news-events\/salon-de-la-fama-anual\/#breadcrumb\",\"itemListElement\":[{\"@type\":\"ListItem\",\"position\":1,\"name\":\"Home\",\"item\":\"https:\/\/bgcgm.org\/es\/inicio\/\"},{\"@type\":\"ListItem\",\"position\":2,\"name\":\"News &amp; Events\",\"item\":\"https:\/\/bgcgm.org\/es\/news-events\/\"},{\"@type\":\"ListItem\",\"position\":3,\"name\":\"Sal\u00f3n de la Fama Anual\"}]},{\"@type\":\"WebSite\",\"@id\":\"https:\/\/bgcgm.org\/es\/#website\",\"url\":\"https:\/\/bgcgm.org\/es\/\",\"name\":\"Boys &amp; Girls Clubs of Greater Manchester\",\"description\":\"Boys &amp; Girls Clubs of Greater Manchester\",\"publisher\":{\"@id\":\"https:\/\/bgcgm.org\/es\/#organization\"},\"potentialAction\":[{\"@type\":\"SearchAction\",\"target\":{\"@type\":\"EntryPoint\",\"urlTemplate\":\"https:\/\/bgcgm.org\/es\/?s={search_term_string}\"},\"query-input\":{\"@type\":\"PropertyValueSpecification\",\"valueRequired\":true,\"valueName\":\"search_term_string\"}}],\"inLanguage\":\"es\"},{\"@type\":\"Organization\",\"@id\":\"https:\/\/bgcgm.org\/es\/#organization\",\"name\":\"Boys &amp; Girls Clubs of Greater Manchester\",\"url\":\"https:\/\/bgcgm.org\/es\/\",\"logo\":{\"@type\":\"ImageObject\",\"inLanguage\":\"es\",\"@id\":\"https:\/\/bgcgm.org\/es\/#\/schema\/logo\/image\/\",\"url\":\"https:\/\/bgcgm.org\/wp-content\/uploads\/2022\/04\/BGCGM-CLUBS-Logo-Color-Centered.png\",\"contentUrl\":\"https:\/\/bgcgm.org\/wp-content\/uploads\/2022\/04\/BGCGM-CLUBS-Logo-Color-Centered.png\",\"width\":19227,\"height\":10302,\"caption\":\"Boys &amp; Girls Clubs of Greater Manchester\"},\"image\":{\"@id\":\"https:\/\/bgcgm.org\/es\/#\/schema\/logo\/image\/\"}}]}<\/script>\n<!-- \/ Yoast SEO plugin. -->","yoast_head_json":{"title":"Sal\u00f3n de la Fama y Reuni\u00f3n Anual del BGCGM","description":"Acomp\u00e1\u00f1anos a nuestra Reuni\u00f3n Anual y al acto del Sal\u00f3n de la Fama el 6 de noviembre de 2025. Conoce a los miembros del Club de Ni\u00f1os y Ni\u00f1as del Gran Manchester.","robots":{"index":"index","follow":"follow","max-snippet":"max-snippet:-1","max-image-preview":"max-image-preview:large","max-video-preview":"max-video-preview:-1"},"canonical":"https:\/\/bgcgm.org\/es\/news-events\/salon-de-la-fama-anual\/","og_locale":"es_ES","og_type":"article","og_title":"Sal\u00f3n de la Fama y Reuni\u00f3n Anual del BGCGM","og_description":"Acomp\u00e1\u00f1anos a nuestra Reuni\u00f3n Anual y al acto del Sal\u00f3n de la Fama el 6 de noviembre de 2025. Conoce a los miembros del Club de Ni\u00f1os y Ni\u00f1as del Gran Manchester.","og_url":"https:\/\/bgcgm.org\/es\/news-events\/salon-de-la-fama-anual\/","og_site_name":"Boys &amp; Girls Clubs of Greater Manchester","article_modified_time":"2025-10-01T19:04:43+00:00","og_image":[{"width":19917,"height":4340,"url":"https:\/\/bgcgm.org\/wp-content\/uploads\/2022\/04\/BGCGM-CLUBS-Logo-White-Left.png","type":"image\/png"}],"twitter_card":"summary_large_image","twitter_misc":{"Tiempo de lectura":"1 minuto"},"schema":{"@context":"https:\/\/schema.org","@graph":[{"@type":"WebPage","@id":"https:\/\/bgcgm.org\/es\/news-events\/salon-de-la-fama-anual\/","url":"https:\/\/bgcgm.org\/es\/news-events\/salon-de-la-fama-anual\/","name":"Sal\u00f3n de la Fama y Reuni\u00f3n Anual del BGCGM","isPartOf":{"@id":"https:\/\/bgcgm.org\/es\/#website"},"primaryImageOfPage":{"@id":"https:\/\/bgcgm.org\/es\/news-events\/salon-de-la-fama-anual\/#primaryimage"},"image":{"@id":"https:\/\/bgcgm.org\/es\/news-events\/salon-de-la-fama-anual\/#primaryimage"},"thumbnailUrl":"https:\/\/bgcgm.org\/wp-content\/uploads\/2022\/04\/BGCGM-CLUBS-Logo-White-Left.png","datePublished":"2022-06-20T22:18:31+00:00","dateModified":"2025-10-01T19:04:43+00:00","description":"Acomp\u00e1\u00f1anos a nuestra Reuni\u00f3n Anual y al acto del Sal\u00f3n de la Fama el 6 de noviembre de 2025. Conoce a los miembros del Club de Ni\u00f1os y Ni\u00f1as del Gran Manchester.","breadcrumb":{"@id":"https:\/\/bgcgm.org\/es\/news-events\/salon-de-la-fama-anual\/#breadcrumb"},"inLanguage":"es","potentialAction":[{"@type":"ReadAction","target":["https:\/\/bgcgm.org\/es\/news-events\/salon-de-la-fama-anual\/"]}]},{"@type":"ImageObject","inLanguage":"es","@id":"https:\/\/bgcgm.org\/es\/news-events\/salon-de-la-fama-anual\/#primaryimage","url":"https:\/\/bgcgm.org\/wp-content\/uploads\/2022\/04\/BGCGM-CLUBS-Logo-White-Left.png","contentUrl":"https:\/\/bgcgm.org\/wp-content\/uploads\/2022\/04\/BGCGM-CLUBS-Logo-White-Left.png"},{"@type":"BreadcrumbList","@id":"https:\/\/bgcgm.org\/es\/news-events\/salon-de-la-fama-anual\/#breadcrumb","itemListElement":[{"@type":"ListItem","position":1,"name":"Home","item":"https:\/\/bgcgm.org\/es\/inicio\/"},{"@type":"ListItem","position":2,"name":"News &amp; Events","item":"https:\/\/bgcgm.org\/es\/news-events\/"},{"@type":"ListItem","position":3,"name":"Sal\u00f3n de la Fama Anual"}]},{"@type":"WebSite","@id":"https:\/\/bgcgm.org\/es\/#website","url":"https:\/\/bgcgm.org\/es\/","name":"Boys &amp; Girls Clubs of Greater Manchester","description":"Boys &amp; Girls Clubs of Greater Manchester","publisher":{"@id":"https:\/\/bgcgm.org\/es\/#organization"},"potentialAction":[{"@type":"SearchAction","target":{"@type":"EntryPoint","urlTemplate":"https:\/\/bgcgm.org\/es\/?s={search_term_string}"},"query-input":{"@type":"PropertyValueSpecification","valueRequired":true,"valueName":"search_term_string"}}],"inLanguage":"es"},{"@type":"Organization","@id":"https:\/\/bgcgm.org\/es\/#organization","name":"Boys &amp; Girls Clubs of Greater Manchester","url":"https:\/\/bgcgm.org\/es\/","logo":{"@type":"ImageObject","inLanguage":"es","@id":"https:\/\/bgcgm.org\/es\/#\/schema\/logo\/image\/","url":"https:\/\/bgcgm.org\/wp-content\/uploads\/2022\/04\/BGCGM-CLUBS-Logo-Color-Centered.png","contentUrl":"https:\/\/bgcgm.org\/wp-content\/uploads\/2022\/04\/BGCGM-CLUBS-Logo-Color-Centered.png","width":19227,"height":10302,"caption":"Boys &amp; Girls Clubs of Greater Manchester"},"image":{"@id":"https:\/\/bgcgm.org\/es\/#\/schema\/logo\/image\/"}}]}},"_links":{"self":[{"href":"https:\/\/bgcgm.org\/es\/wp-json\/wp\/v2\/pages\/12161","targetHints":{"allow":["GET"]}}],"collection":[{"href":"https:\/\/bgcgm.org\/es\/wp-json\/wp\/v2\/pages"}],"about":[{"href":"https:\/\/bgcgm.org\/es\/wp-json\/wp\/v2\/types\/page"}],"author":[{"embeddable":true,"href":"https:\/\/bgcgm.org\/es\/wp-json\/wp\/v2\/users\/1"}],"replies":[{"embeddable":true,"href":"https:\/\/bgcgm.org\/es\/wp-json\/wp\/v2\/comments?post=12161"}],"version-history":[{"count":4,"href":"https:\/\/bgcgm.org\/es\/wp-json\/wp\/v2\/pages\/12161\/revisions"}],"predecessor-version":[{"id":15338,"href":"https:\/\/bgcgm.org\/es\/wp-json\/wp\/v2\/pages\/12161\/revisions\/15338"}],"up":[{"embeddable":true,"href":"https:\/\/bgcgm.org\/es\/wp-json\/wp\/v2\/pages\/12315"}],"wp:attachment":[{"href":"https:\/\/bgcgm.org\/es\/wp-json\/wp\/v2\/media?parent=12161"}],"curies":[{"name":"wp","href":"https:\/\/api.w.org\/{rel}","templated":true}]}}